{"id":30705,"date":"2025-02-28T16:00:03","date_gmt":"2025-02-28T15:00:03","guid":{"rendered":"https:\/\/wappaart.com\/es\/?post_type=product&#038;p=30705"},"modified":"2025-03-06T23:19:03","modified_gmt":"2025-03-06T22:19:03","slug":"collage-glam","status":"publish","type":"product","link":"https:\/\/wappaart.com\/es\/producto\/collage-glam\/","title":{"rendered":"Collage GLAM\u2728"},"content":{"rendered":"<p>Es el detalle perfecto para sorprender a tu persona favorita con un regalo personal, creativo y lleno de amor.<\/p>\n<p><strong>Las fotograf\u00edas funcionan mejor sin ropa negra.<\/strong><\/p>\n<p><strong style=\"font-size: 16px; -webkit-text-size-adjust: 100%;\">Tiempo de entrega:<\/strong><\/p>\n<p>Estar\u00e1 lista para env\u00edo 4 d\u00edas h\u00e1biles despu\u00e9s del pago. Cuando est\u00e9 en camino, recibir\u00e1s en tu email una gu\u00eda con n\u00famero de seguimiento para que puedas rastrearla.<\/p>\n<p>Tiempo de env\u00edo: 3 d\u00edas h\u00e1biles para Pen\u00ednsula y hasta 5 para Baleares. No se realizan env\u00edos a Canarias.<\/p>\n","protected":false},"excerpt":{"rendered":"<p><span style=\"font-size: 16px; -webkit-text-size-adjust: 100%;\">Un collage \u00fanico con <\/span><strong style=\"font-size: 16px; -webkit-text-size-adjust: 100%;\">tus 4 fotos favoritas<\/strong><span style=\"font-size: 16px; -webkit-text-size-adjust: 100%;\">, impresas en papel art\u00edstico y decoradas a mano con una aplicaci\u00f3n de glitter para darles un brillo elegante y especial.<\/span><\/p>\n<p>Las fotos estar\u00e1n enmarcadas en un marco de 25&#215;25 cm de color negro, con un paspart\u00fa que le da un acabado sofisticado. Es perfecto para colgar y decorar ese rinc\u00f3n favorito de tu casa.<\/p>\n<p>ENV\u00cdO INCLUIDO<\/p>\n<p>\u2b50\ufe0f Recuerda leer la descripci\u00f3n abajo con toda la informaci\u00f3n importante.<\/p>\n","protected":false},"featured_media":30746,"template":"","meta":{"_monsterinsights_skip_tracking":false,"_monsterinsights_sitenote_active":false,"_monsterinsights_sitenote_note":"","_monsterinsights_sitenote_category":0,"_uf_show_specific_survey":0,"_uf_disable_surveys":false,"site-sidebar-layout":"default","site-content-layout":"","ast-site-content-layout":"default","site-content-style":"default","site-sidebar-style":"default","ast-global-header-display":"","ast-banner-title-visibility":"","ast-main-header-display":"","ast-hfb-above-header-display":"","ast-hfb-below-header-display":"","ast-hfb-mobile-header-display":"","site-post-title":"","ast-breadcrumbs-content":"","ast-featured-img":"","footer-sml-layout":"","theme-transparent-header-meta":"default","adv-header-id-meta":"","stick-header-meta":"","header-above-stick-meta":"","header-main-stick-meta":"","header-below-stick-meta":"","astra-migrate-meta-layouts":"set","ast-page-background-enabled":"default","ast-page-background-meta":{"desktop":{"background-color":"","background-image":"","background-repeat":"repeat","background-position":"center center","background-size":"auto","background-attachment":"scroll","background-type":"","background-media":"","overlay-type":"","overlay-color":"","overlay-opacity":"","overlay-gradient":""},"tablet":{"background-color":"","background-image":"","background-repeat":"repeat","background-position":"center center","background-size":"auto","background-attachment":"scroll","background-type":"","background-media":"","overlay-type":"","overlay-color":"","overlay-opacity":"","overlay-gradient":""},"mobile":{"background-color":"","background-image":"","background-repeat":"repeat","background-position":"center center","background-size":"auto","background-attachment":"scroll","background-type":"","background-media":"","overlay-type":"","overlay-color":"","overlay-opacity":"","overlay-gradient":""}},"ast-content-background-meta":{"desktop":{"background-color":"var(--ast-global-color-5)","background-image":"","background-repeat":"repeat","background-position":"center center","background-size":"auto","background-attachment":"scroll","background-type":"","background-media":"","overlay-type":"","overlay-color":"","overlay-opacity":"","overlay-gradient":""},"tablet":{"background-color":"var(--ast-global-color-5)","background-image":"","background-repeat":"repeat","background-position":"center center","background-size":"auto","background-attachment":"scroll","background-type":"","background-media":"","overlay-type":"","overlay-color":"","overlay-opacity":"","overlay-gradient":""},"mobile":{"background-color":"var(--ast-global-color-5)","background-image":"","background-repeat":"repeat","background-position":"center center","background-size":"auto","background-attachment":"scroll","background-type":"","background-media":"","overlay-type":"","overlay-color":"","overlay-opacity":"","overlay-gradient":""}}},"product_brand":[],"product_cat":[135],"product_tag":[],"class_list":{"0":"post-30705","1":"product","2":"type-product","3":"status-publish","4":"has-post-thumbnail","6":"product_cat-coleccion-glam","7":"desktop-align-left","8":"tablet-align-left","9":"mobile-align-left","11":"first","12":"instock","13":"shipping-taxable","14":"purchasable","15":"product-type-variable"},"_links":{"self":[{"href":"https:\/\/wappaart.com\/es\/wp-json\/wp\/v2\/product\/30705","targetHints":{"allow":["GET"]}}],"collection":[{"href":"https:\/\/wappaart.com\/es\/wp-json\/wp\/v2\/product"}],"about":[{"href":"https:\/\/wappaart.com\/es\/wp-json\/wp\/v2\/types\/product"}],"wp:featuredmedia":[{"embeddable":true,"href":"https:\/\/wappaart.com\/es\/wp-json\/wp\/v2\/media\/30746"}],"wp:attachment":[{"href":"https:\/\/wappaart.com\/es\/wp-json\/wp\/v2\/media?parent=30705"}],"wp:term":[{"taxonomy":"product_brand","embeddable":true,"href":"https:\/\/wappaart.com\/es\/wp-json\/wp\/v2\/product_brand?post=30705"},{"taxonomy":"product_cat","embeddable":true,"href":"https:\/\/wappaart.com\/es\/wp-json\/wp\/v2\/product_cat?post=30705"},{"taxonomy":"product_tag","embeddable":true,"href":"https:\/\/wappaart.com\/es\/wp-json\/wp\/v2\/product_tag?post=30705"}],"curies":[{"name":"wp","href":"https:\/\/api.w.org\/{rel}","templated":true}]}}