{"id":29003,"date":"2025-01-05T22:47:52","date_gmt":"2025-01-05T21:47:52","guid":{"rendered":"https:\/\/wappaart.com\/es\/?post_type=product&#038;p=29003"},"modified":"2025-03-11T14:48:36","modified_gmt":"2025-03-11T13:48:36","slug":"infografia","status":"publish","type":"product","link":"https:\/\/wappaart.com\/es\/producto\/infografia\/","title":{"rendered":"INFOGRAF\u00cdA"},"content":{"rendered":"<p><strong style=\"font-size: 16px; -webkit-text-size-adjust: 100%;\">\u00bfC\u00f3mo hacer tu pedido?<\/strong><\/p>\n<ol>\n<li>Selecciona las opciones, describe 8-10 curiosidades, adjunta tu foto y a\u00f1ade al carrito.<\/li>\n<li>Aclara si deseas detalles como color de fondo, tama\u00f1o de archivo o ajustes en la cajita de comentarios (sin costo adicional).<\/li>\n<li>Usa fotos de buena calidad para mejores resultados.<\/li>\n<\/ol>\n<p>Si tienes dudas, cont\u00e1ctame por <a href=\"https:\/\/wa.link\/1wv882\">WhatsApp<\/a> o al correo <strong>contacto@wappaart.com<\/strong> \ud83d\ude0a<\/p>\n<p><strong>Estilos<\/strong><\/p>\n<ul>\n<li><strong>Minimalista<\/strong>: Elegante y limpio, con detalles simples en ojos, cabello y sombras.<\/li>\n<li><strong>Detallado<\/strong>: M\u00e1s elaborado, ideal para fotos de alta calidad que permitan precisi\u00f3n.<\/li>\n<\/ul>\n<p><strong>Env\u00edos y plazos<\/strong><\/p>\n<ul>\n<li><strong>Digital<\/strong>: Entrega en 7 d\u00edas h\u00e1biles. Te informar\u00e9 la fecha exacta al recibir tu pedido.<\/li>\n<li><strong>F\u00edsico<\/strong>: Suma 3 d\u00edas (pen\u00ednsula) o 5 d\u00edas (Baleares). No env\u00edo a Canarias.\n<ul>\n<li>Impresi\u00f3n en papel 350gr; marco blanco con metacrilato.<\/li>\n<li>Env\u00edos protegidos: sobre r\u00edgido o caja con burbujas seg\u00fan el caso.<\/li>\n<\/ul>\n<\/li>\n<\/ul>\n<p><strong>\ud83d\udea8Lee los t\u00e9rminos y condiciones antes de comprar\ud83d\udea8, <a href=\"https:\/\/wappaart.com\/es\/terminos-y-condiciones\/\">Clic aqu\u00ed.<\/a><\/strong><\/p>\n<p>&nbsp;<\/p>\n<p>&nbsp;<\/p>\n","protected":false},"excerpt":{"rendered":"<p>Captura los momentos m\u00e1s especiales con una ilustraci\u00f3n personalizada que cuenta una historia de manera \u00fanica.<\/p>\n<p>\u2b50\ufe0f<strong>La tarifa base incluye una ilustraci\u00f3n de 1-2 personas acompa\u00f1ada de hasta 10 elementos o frases que destacan tus recuerdos, gustos o pasiones. <\/strong><\/p>\n<p>Perfecto para parejas o para celebrar a tu persona favorita con un regalo \u00fanico que durar\u00e1 para siempre\u2764\ufe0f.<\/p>\n<p>\ud83d\udc49\ud83c\udffb Selecciona las opciones, responde la cajita de comentarios, adjunta tu(s) foto(s) y a\u00f1ade al carrito.<\/p>\n<p>\ud83d\udc49\ud83c\udffb Recuerda leer la descripci\u00f3n abajo con toda la informaci\u00f3n importante.<\/p>\n","protected":false},"featured_media":28193,"template":"","meta":{"_monsterinsights_skip_tracking":false,"_monsterinsights_sitenote_active":false,"_monsterinsights_sitenote_note":"","_monsterinsights_sitenote_category":0,"_uf_show_specific_survey":0,"_uf_disable_surveys":false,"site-sidebar-layout":"default","site-content-layout":"","ast-site-content-layout":"default","site-content-style":"default","site-sidebar-style":"default","ast-global-header-display":"","ast-banner-title-visibility":"","ast-main-header-display":"","ast-hfb-above-header-display":"","ast-hfb-below-header-display":"","ast-hfb-mobile-header-display":"","site-post-title":"","ast-breadcrumbs-content":"","ast-featured-img":"","footer-sml-layout":"","theme-transparent-header-meta":"default","adv-header-id-meta":"","stick-header-meta":"","header-above-stick-meta":"","header-main-stick-meta":"","header-below-stick-meta":"","astra-migrate-meta-layouts":"set","ast-page-background-enabled":"default","ast-page-background-meta":{"desktop":{"background-color":"","background-image":"","background-repeat":"repeat","background-position":"center center","background-size":"auto","background-attachment":"scroll","background-type":"","background-media":"","overlay-type":"","overlay-color":"","overlay-opacity":"","overlay-gradient":""},"tablet":{"background-color":"","background-image":"","background-repeat":"repeat","background-position":"center center","background-size":"auto","background-attachment":"scroll","background-type":"","background-media":"","overlay-type":"","overlay-color":"","overlay-opacity":"","overlay-gradient":""},"mobile":{"background-color":"","background-image":"","background-repeat":"repeat","background-position":"center center","background-size":"auto","background-attachment":"scroll","background-type":"","background-media":"","overlay-type":"","overlay-color":"","overlay-opacity":"","overlay-gradient":""}},"ast-content-background-meta":{"desktop":{"background-color":"var(--ast-global-color-5)","background-image":"","background-repeat":"repeat","background-position":"center center","background-size":"auto","background-attachment":"scroll","background-type":"","background-media":"","overlay-type":"","overlay-color":"","overlay-opacity":"","overlay-gradient":""},"tablet":{"background-color":"var(--ast-global-color-5)","background-image":"","background-repeat":"repeat","background-position":"center center","background-size":"auto","background-attachment":"scroll","background-type":"","background-media":"","overlay-type":"","overlay-color":"","overlay-opacity":"","overlay-gradient":""},"mobile":{"background-color":"var(--ast-global-color-5)","background-image":"","background-repeat":"repeat","background-position":"center center","background-size":"auto","background-attachment":"scroll","background-type":"","background-media":"","overlay-type":"","overlay-color":"","overlay-opacity":"","overlay-gradient":""}}},"product_brand":[],"product_cat":[79,78],"product_tag":[],"class_list":{"0":"post-29003","1":"product","2":"type-product","3":"status-publish","4":"has-post-thumbnail","6":"product_cat-ilustracion-personalizada","7":"product_cat-infografia","8":"desktop-align-left","9":"tablet-align-left","10":"mobile-align-left","12":"first","13":"instock","14":"shipping-taxable","15":"purchasable","16":"product-type-variable"},"_links":{"self":[{"href":"https:\/\/wappaart.com\/es\/wp-json\/wp\/v2\/product\/29003","targetHints":{"allow":["GET"]}}],"collection":[{"href":"https:\/\/wappaart.com\/es\/wp-json\/wp\/v2\/product"}],"about":[{"href":"https:\/\/wappaart.com\/es\/wp-json\/wp\/v2\/types\/product"}],"wp:featuredmedia":[{"embeddable":true,"href":"https:\/\/wappaart.com\/es\/wp-json\/wp\/v2\/media\/28193"}],"wp:attachment":[{"href":"https:\/\/wappaart.com\/es\/wp-json\/wp\/v2\/media?parent=29003"}],"wp:term":[{"taxonomy":"product_brand","embeddable":true,"href":"https:\/\/wappaart.com\/es\/wp-json\/wp\/v2\/product_brand?post=29003"},{"taxonomy":"product_cat","embeddable":true,"href":"https:\/\/wappaart.com\/es\/wp-json\/wp\/v2\/product_cat?post=29003"},{"taxonomy":"product_tag","embeddable":true,"href":"https:\/\/wappaart.com\/es\/wp-json\/wp\/v2\/product_tag?post=29003"}],"curies":[{"name":"wp","href":"https:\/\/api.w.org\/{rel}","templated":true}]}}