{"id":28155,"date":"2024-12-16T10:46:46","date_gmt":"2024-12-16T09:46:46","guid":{"rendered":"https:\/\/wappaart.com\/es\/?post_type=product&#038;p=28155"},"modified":"2025-03-08T15:05:04","modified_gmt":"2025-03-08T14:05:04","slug":"retrato-mascota","status":"publish","type":"product","link":"https:\/\/wappaart.com\/es\/producto\/retrato-mascota\/","title":{"rendered":"Retrato MASCOTA \ud83d\udc36"},"content":{"rendered":"<div class=\"woocommerce-tabs wc-tabs-wrapper\">\n<div id=\"tab-description\" class=\"woocommerce-Tabs-panel woocommerce-Tabs-panel--description panel entry-content wc-tab\" role=\"tabpanel\" aria-labelledby=\"tab-title-description\">\n<p>Este tipo de ilustraci\u00f3n requiere una fotograf\u00eda de alta calidad para obtener un mejor resultado.<\/p>\n<p><strong>\u00bfComo hacer mi pedido?<\/strong><\/p>\n<p>\u2b50\ufe0f Selecciona las opciones, adjunta tu(s) foto(s) y a\u00f1ade al carrito.<\/p>\n<p>\u2b50\ufe0f Si deseas a\u00f1adir nombre, una fecha, frase o quieres algo distinto a todo lo especificado en esta descripci\u00f3n (color de fondo deseado, que omita alg\u00fan elemento, que elimine alg\u00fan elemento, color de ojos, etc.) deber\u00e1s indic\u00e1rmelo en la <strong>cajita de comentarios<\/strong>. No tendr\u00e1\u00a0 ning\u00fan coste adicional.<\/p>\n<p>\u2b50\ufe0f Si tienes alguna duda antes de hacer tu pedido, no dudes en escribirme. Puedes contactarme por\u00a0<strong><a href=\"https:\/\/wa.link\/1wv882\">WhatsApp\u00a0<\/a><\/strong>o v\u00eda email <strong>contacto@wappaart.com<\/strong><b>, <\/b>estoy aqu\u00ed para ayudarte.\u00a0<b>\ud83d\ude0a<\/b><\/p>\n<p>Si deseas una ilustraci\u00f3n +5 mascotas por favor escr\u00edbeme a mi Whatsapp, <a href=\"https:\/\/wa.link\/8urzfs\" target=\"_blank\" rel=\"noopener\">clic aqu\u00ed.\u00a0<\/a><\/p>\n<p><strong>Env\u00edos y plazos de entrega<\/strong><\/p>\n<p>\u2b50\ufe0f Las ilustraciones en<strong>\u00a0digital<\/strong>\u00a0tienen como normal general un<strong>\u00a0plazo de entrega<\/strong>\u00a0<strong>de 8 d\u00edas laborales<\/strong>. Al recibir tu pedido, me comunicar\u00e9 por correo electr\u00f3nico para informarte la fecha exacta de entrega.<\/p>\n<p>\u2b50\ufe0f Para los\u00a0env\u00edos f\u00edsicos se le sumar\u00e1n 3 d\u00edas m\u00e1s para la pen\u00ednsula y 5 d\u00edas para Islas Baleares, no se realiza env\u00edos a Canarias.<\/p>\n<p>\u2b50\ufe0f La ilustraci\u00f3n se imprime en<strong> papel art\u00edstico<\/strong>\u00a0y los<strong>\u00a0marcos<\/strong>\u00a0son siempre de<strong>\u00a0madera<\/strong>\u00a0<strong>color blanco<\/strong>\u00a0y con metacrilato.<\/p>\n<p>&nbsp;<\/p>\n<p>\ud83d\udea8<strong>No olvides de leer los t\u00e9rminos y condiciones, <a href=\"https:\/\/wappaart.com\/es\/terminos-y-condiciones\/\">clic aqu\u00ed<\/a><\/strong> \ud83d\udea8<\/p>\n<\/div>\n<\/div>\n","protected":false},"excerpt":{"rendered":"<p>Convierte tu peludito en obra de arte\u00a0 \u2728<\/p>\n<p>\u2b50\ufe0f Selecciona las opciones, adjunta tu(s) foto(s) y a\u00f1ade al carrito.<\/p>\n<p>\u2b50\ufe0f Recuerda leer la descripci\u00f3n abajo con toda la informaci\u00f3n importante.<\/p>\n","protected":false},"featured_media":28192,"template":"","meta":{"_monsterinsights_skip_tracking":false,"_monsterinsights_sitenote_active":false,"_monsterinsights_sitenote_note":"","_monsterinsights_sitenote_category":0,"_uf_show_specific_survey":0,"_uf_disable_surveys":false,"site-sidebar-layout":"default","site-content-layout":"","ast-site-content-layout":"default","site-content-style":"default","site-sidebar-style":"default","ast-global-header-display":"","ast-banner-title-visibility":"","ast-main-header-display":"","ast-hfb-above-header-display":"","ast-hfb-below-header-display":"","ast-hfb-mobile-header-display":"","site-post-title":"","ast-breadcrumbs-content":"","ast-featured-img":"","footer-sml-layout":"","theme-transparent-header-meta":"default","adv-header-id-meta":"","stick-header-meta":"","header-above-stick-meta":"","header-main-stick-meta":"","header-below-stick-meta":"","astra-migrate-meta-layouts":"set","ast-page-background-enabled":"default","ast-page-background-meta":{"desktop":{"background-color":"","background-image":"","background-repeat":"repeat","background-position":"center center","background-size":"auto","background-attachment":"scroll","background-type":"","background-media":"","overlay-type":"","overlay-color":"","overlay-opacity":"","overlay-gradient":""},"tablet":{"background-color":"","background-image":"","background-repeat":"repeat","background-position":"center center","background-size":"auto","background-attachment":"scroll","background-type":"","background-media":"","overlay-type":"","overlay-color":"","overlay-opacity":"","overlay-gradient":""},"mobile":{"background-color":"","background-image":"","background-repeat":"repeat","background-position":"center center","background-size":"auto","background-attachment":"scroll","background-type":"","background-media":"","overlay-type":"","overlay-color":"","overlay-opacity":"","overlay-gradient":""}},"ast-content-background-meta":{"desktop":{"background-color":"var(--ast-global-color-5)","background-image":"","background-repeat":"repeat","background-position":"center center","background-size":"auto","background-attachment":"scroll","background-type":"","background-media":"","overlay-type":"","overlay-color":"","overlay-opacity":"","overlay-gradient":""},"tablet":{"background-color":"var(--ast-global-color-5)","background-image":"","background-repeat":"repeat","background-position":"center center","background-size":"auto","background-attachment":"scroll","background-type":"","background-media":"","overlay-type":"","overlay-color":"","overlay-opacity":"","overlay-gradient":""},"mobile":{"background-color":"var(--ast-global-color-5)","background-image":"","background-repeat":"repeat","background-position":"center center","background-size":"auto","background-attachment":"scroll","background-type":"","background-media":"","overlay-type":"","overlay-color":"","overlay-opacity":"","overlay-gradient":""}}},"product_brand":[],"product_cat":[79],"product_tag":[106,107],"class_list":{"0":"post-28155","1":"product","2":"type-product","3":"status-publish","4":"has-post-thumbnail","6":"product_cat-ilustracion-personalizada","7":"product_tag-ilustraciones","8":"product_tag-ilustraciones-personalizadas","9":"desktop-align-left","10":"tablet-align-left","11":"mobile-align-left","13":"first","14":"instock","15":"shipping-taxable","16":"purchasable","17":"product-type-variable"},"_links":{"self":[{"href":"https:\/\/wappaart.com\/es\/wp-json\/wp\/v2\/product\/28155","targetHints":{"allow":["GET"]}}],"collection":[{"href":"https:\/\/wappaart.com\/es\/wp-json\/wp\/v2\/product"}],"about":[{"href":"https:\/\/wappaart.com\/es\/wp-json\/wp\/v2\/types\/product"}],"wp:featuredmedia":[{"embeddable":true,"href":"https:\/\/wappaart.com\/es\/wp-json\/wp\/v2\/media\/28192"}],"wp:attachment":[{"href":"https:\/\/wappaart.com\/es\/wp-json\/wp\/v2\/media?parent=28155"}],"wp:term":[{"taxonomy":"product_brand","embeddable":true,"href":"https:\/\/wappaart.com\/es\/wp-json\/wp\/v2\/product_brand?post=28155"},{"taxonomy":"product_cat","embeddable":true,"href":"https:\/\/wappaart.com\/es\/wp-json\/wp\/v2\/product_cat?post=28155"},{"taxonomy":"product_tag","embeddable":true,"href":"https:\/\/wappaart.com\/es\/wp-json\/wp\/v2\/product_tag?post=28155"}],"curies":[{"name":"wp","href":"https:\/\/api.w.org\/{rel}","templated":true}]}}