{"id":28046,"date":"2025-01-05T20:48:33","date_gmt":"2025-01-05T19:48:33","guid":{"rendered":"https:\/\/wappaart.com\/es\/?post_type=product&#038;p=28046"},"modified":"2025-04-08T19:33:20","modified_gmt":"2025-04-08T17:33:20","slug":"foto-glam","status":"publish","type":"product","link":"https:\/\/wappaart.com\/es\/producto\/foto-glam\/","title":{"rendered":"Foto GLAM\u2728"},"content":{"rendered":"<p>El glitter se aplica de manera parcial en \u00e1reas espec\u00edficas de la imagen (como ropa, detalles importantes o el fondo), creando un efecto \u00fanico y sofisticado.<\/p>\n<p>El dise\u00f1o ser\u00e1 realizado seg\u00fan la interpretaci\u00f3n del artista. Ten en cuenta que todas las impresiones son \u00fanicas y est\u00e1n adornadas a mano.<\/p>\n<p>Si seleccionas la opci\u00f3n con marco, puedes escoger madera o aluminio, disponible en color blanco, plateado o negro, ideal para complementar el dise\u00f1o de la obra.<\/p>\n<p>\ud83d\udc8e Por favor, sube la versi\u00f3n de la foto con la mejor calidad para garantizar un mejor resultado.<br \/>\n\ud83d\udc8e Si deseas usar fotos f\u00edsicas, aseg\u00farate de escanearlas con alta resoluci\u00f3n.<\/p>\n<p class=\"p1\"><span class=\"Apple-converted-space\"><strong>Las fotograf\u00edas funcionan mejor sin ropa negra.<\/strong><\/span><\/p>\n<p>&nbsp;<\/p>\n<p><strong>Informaci\u00f3n Adicional:<\/strong><\/p>\n<p><strong>Entrega<\/strong>: Tu obra estar\u00e1 lista para enviar en un plazo de 3 d\u00edas laborales. Una vez que tu pedido est\u00e9 listo, recibir\u00e1s un correo electr\u00f3nico con la gu\u00eda de env\u00edo para que puedas rastrear su progreso hasta tu puerta.<\/p>\n<p>En caso de haber pedido <strong>solo la fotograf\u00eda impresa, te llegar\u00e1 en un sobre r\u00edgido <\/strong>y una<strong>\u00a0caja<\/strong> si es con marco.<\/p>\n<p>&nbsp;<\/p>\n<p><strong>Env\u00edos y plazos de entrega<\/strong><\/p>\n<p>Cuando tu fotograf\u00eda este terminada, el env\u00edo tarda 3 d\u00edas m\u00e1s para la pen\u00ednsula y 5 d\u00edas para Islas Baleares, no se realiza env\u00edos a Canarias.<\/p>\n<p>Env\u00edo GRATIS.<\/p>\n<p>&nbsp;<\/p>\n<p>\ud83d\udea8<strong>No olvides de leer los t\u00e9rminos y condiciones, <a href=\"https:\/\/wappaart.com\/es\/terminos-y-condiciones\/\">clic aqu\u00ed<\/a><\/strong> \ud83d\udea8<\/p>\n","protected":false},"excerpt":{"rendered":"<p><span style=\"font-size: 16px;\">Convierte tus fotos en obras exclusivas llenas de brillo y sofisticaci\u00f3n. Cada impresi\u00f3n es trabajada a mano, utilizando glitter de diamante para realzar los detalles y capturar la esencia de tus recuerdos m\u00e1s especiales.\u00a0<\/span><\/p>\n<div class=\"group\/conversation-turn relative flex w-full min-w-0 flex-col agent-turn\">\n<div class=\"flex-col gap-1 md:gap-3\">\n<div class=\"flex max-w-full flex-col flex-grow\">\n<div class=\"min-h-8 text-message flex w-full flex-col items-end gap-2 whitespace-normal break-words text-start [.text-message+&amp;]:mt-5\" dir=\"auto\" data-message-author-role=\"assistant\" data-message-id=\"a056dcdd-8087-438f-8e74-3c0c1d1088e4\" data-message-model-slug=\"gpt-4o\">\n<div class=\"flex w-full flex-col gap-1 empty:hidden first:pt-[3px]\">\n<div class=\"markdown prose w-full break-words dark:prose-invert dark\">\n<p>\u00a1Haz que tus momentos brillen con un toque personalizado<strong>\u2728<\/strong>!<\/p>\n<p>Env\u00edo GRATIS.<\/p>\n<p><strong>Antes de realizar tu pedido, por favor lee la descripci\u00f3n completa de abajo.<\/strong><\/p>\n<\/div>\n<\/div>\n<\/div>\n<\/div>\n<\/div>\n<\/div>\n","protected":false},"featured_media":30646,"template":"","meta":{"_monsterinsights_skip_tracking":false,"_monsterinsights_sitenote_active":false,"_monsterinsights_sitenote_note":"","_monsterinsights_sitenote_category":0,"_uf_show_specific_survey":0,"_uf_disable_surveys":false,"site-sidebar-layout":"default","site-content-layout":"","ast-site-content-layout":"default","site-content-style":"default","site-sidebar-style":"default","ast-global-header-display":"","ast-banner-title-visibility":"","ast-main-header-display":"","ast-hfb-above-header-display":"","ast-hfb-below-header-display":"","ast-hfb-mobile-header-display":"","site-post-title":"","ast-breadcrumbs-content":"","ast-featured-img":"","footer-sml-layout":"","theme-transparent-header-meta":"default","adv-header-id-meta":"","stick-header-meta":"","header-above-stick-meta":"","header-main-stick-meta":"","header-below-stick-meta":"","astra-migrate-meta-layouts":"set","ast-page-background-enabled":"default","ast-page-background-meta":{"desktop":{"background-color":"","background-image":"","background-repeat":"repeat","background-position":"center center","background-size":"auto","background-attachment":"scroll","background-type":"","background-media":"","overlay-type":"","overlay-color":"","overlay-opacity":"","overlay-gradient":""},"tablet":{"background-color":"","background-image":"","background-repeat":"repeat","background-position":"center center","background-size":"auto","background-attachment":"scroll","background-type":"","background-media":"","overlay-type":"","overlay-color":"","overlay-opacity":"","overlay-gradient":""},"mobile":{"background-color":"","background-image":"","background-repeat":"repeat","background-position":"center center","background-size":"auto","background-attachment":"scroll","background-type":"","background-media":"","overlay-type":"","overlay-color":"","overlay-opacity":"","overlay-gradient":""}},"ast-content-background-meta":{"desktop":{"background-color":"var(--ast-global-color-5)","background-image":"","background-repeat":"repeat","background-position":"center center","background-size":"auto","background-attachment":"scroll","background-type":"","background-media":"","overlay-type":"","overlay-color":"","overlay-opacity":"","overlay-gradient":""},"tablet":{"background-color":"var(--ast-global-color-5)","background-image":"","background-repeat":"repeat","background-position":"center center","background-size":"auto","background-attachment":"scroll","background-type":"","background-media":"","overlay-type":"","overlay-color":"","overlay-opacity":"","overlay-gradient":""},"mobile":{"background-color":"var(--ast-global-color-5)","background-image":"","background-repeat":"repeat","background-position":"center center","background-size":"auto","background-attachment":"scroll","background-type":"","background-media":"","overlay-type":"","overlay-color":"","overlay-opacity":"","overlay-gradient":""}}},"product_brand":[],"product_cat":[135],"product_tag":[],"class_list":{"0":"post-28046","1":"product","2":"type-product","3":"status-publish","4":"has-post-thumbnail","6":"product_cat-coleccion-glam","7":"desktop-align-left","8":"tablet-align-left","9":"mobile-align-left","11":"first","12":"instock","13":"shipping-taxable","14":"purchasable","15":"product-type-variable"},"_links":{"self":[{"href":"https:\/\/wappaart.com\/es\/wp-json\/wp\/v2\/product\/28046","targetHints":{"allow":["GET"]}}],"collection":[{"href":"https:\/\/wappaart.com\/es\/wp-json\/wp\/v2\/product"}],"about":[{"href":"https:\/\/wappaart.com\/es\/wp-json\/wp\/v2\/types\/product"}],"wp:featuredmedia":[{"embeddable":true,"href":"https:\/\/wappaart.com\/es\/wp-json\/wp\/v2\/media\/30646"}],"wp:attachment":[{"href":"https:\/\/wappaart.com\/es\/wp-json\/wp\/v2\/media?parent=28046"}],"wp:term":[{"taxonomy":"product_brand","embeddable":true,"href":"https:\/\/wappaart.com\/es\/wp-json\/wp\/v2\/product_brand?post=28046"},{"taxonomy":"product_cat","embeddable":true,"href":"https:\/\/wappaart.com\/es\/wp-json\/wp\/v2\/product_cat?post=28046"},{"taxonomy":"product_tag","embeddable":true,"href":"https:\/\/wappaart.com\/es\/wp-json\/wp\/v2\/product_tag?post=28046"}],"curies":[{"name":"wp","href":"https:\/\/api.w.org\/{rel}","templated":true}]}}