{"id":27010,"date":"2024-11-19T09:52:27","date_gmt":"2024-11-19T08:52:27","guid":{"rendered":"https:\/\/wappaart.com\/es\/?post_type=product&#038;p=27010"},"modified":"2025-04-08T19:48:25","modified_gmt":"2025-04-08T17:48:25","slug":"ilustracion-estilo-detallado","status":"publish","type":"product","link":"https:\/\/wappaart.com\/es\/producto\/ilustracion-estilo-detallado\/","title":{"rendered":"Ilustraci\u00f3n DETALLADA"},"content":{"rendered":"<p>Si buscas una ilustraci\u00f3n que capture hasta el m\u00e1s m\u00ednimo detalle, este es Este tipo de ilustraci\u00f3n requiere una fotograf\u00eda de alta calidad para obtener un mejor resultado.<\/p>\n<p>&nbsp;<\/p>\n<p><strong>\u00bfComo hacer mi pedido?<\/strong><\/p>\n<p>\u2b50\ufe0f Selecciona las opciones, adjunta tu(s) foto(s) y a\u00f1ade al carrito.<\/p>\n<p>Es importante que elijas fotograf\u00edas en buena calidad para obtener los mejores resultados, es relevante para este estilo de ilustraci\u00f3n detallado.<\/p>\n<p>\u2b50\ufe0f Si deseas a\u00f1adir una fecha, frase o quieres algo distinto a todo lo especificado en esta descripci\u00f3n (color de fondo deseado, que omita alg\u00fan elemento, que elimine alg\u00fan elemento, color de ojos, etc.) deber\u00e1s indic\u00e1rmelo en la\u00a0<strong>cajita de comentarios<\/strong>. No tendr\u00e1\u00a0 ning\u00fan coste adicional.<\/p>\n<p>\u2b50\ufe0f Si tienes alguna duda antes de hacer tu pedido, no dudes en escribirme. Puedes contactarme por\u00a0<strong><a href=\"https:\/\/wa.link\/1wv882\">WhatsApp\u00a0<\/a><\/strong>o v\u00eda email <strong>contacto@wappaart.com<\/strong><b>,\u00a0<\/b>estoy aqu\u00ed para ayudarte.\u00a0<b>\ud83d\ude0a<\/b><\/p>\n<p>&nbsp;<\/p>\n<p>Si deseas una ilustraci\u00f3n grupal +6 personas por favor comunicate a mi Whatsapp, <a href=\"https:\/\/wa.link\/8urzfs\" target=\"_blank\" rel=\"noopener\">clic aqu\u00ed.\u00a0<\/a><\/p>\n<p>&nbsp;<\/p>\n<p><strong>Tarifa adicional de montaje<\/strong><\/p>\n<p>Este servicio se aplica cuando deseas combinar varias fotos independientes en una sola ilustraci\u00f3n. Si no tienes una imagen donde las personas est\u00e9n juntas, no te preocupes: puedo unir las fotos separadas para crear una ilustraci\u00f3n \u00fanica, como si estuvieran juntas desde el principio.<\/p>\n<p>\u00a1Ideal para crear una imagen especial cuando no tienes una foto de todos juntos! \u2764\ufe0f<\/p>\n<p>&nbsp;<\/p>\n<p><strong>Env\u00edos y plazos de entrega<\/strong><\/p>\n<p>\u2b50\ufe0f Las ilustraciones en<strong>\u00a0digital<\/strong>\u00a0tienen como normal general un<strong>\u00a0plazo de entrega<\/strong>\u00a0<strong>de 7 d\u00edas laborales<\/strong>. Al recibir tu pedido, me comunicar\u00e9 por correo electr\u00f3nico para informarte la fecha exacta de entrega.<\/p>\n<p>\u2b50\ufe0f Para los <strong>env\u00edos f\u00edsicos<\/strong> se le sumar\u00e1n 3<strong> d\u00edas m\u00e1s para la pen\u00ednsula y 5 para las islas Baleares, No se realizan env\u00edos a Canarias<\/strong>.<\/p>\n<p>\u2b50\ufe0f La ilustraci\u00f3n se imprime en<strong> papel 350 gr<\/strong> y el<strong> marco<\/strong> es de<strong>\u00a0madera<\/strong>\u00a0<strong>color blanco<\/strong>\u00a0y con metacrilato.<\/p>\n<p>\u2b50\ufe0f En caso de haber pedido <strong>solo la ilustraci\u00f3n impresa, te llegar\u00e1 en un sobre r\u00edgido <\/strong>y una<strong>\u00a0caja<\/strong> si es con marco, el cual viajar\u00e1 protegido en papel de burbuja.<\/p>\n<p>&nbsp;<\/p>\n<p>\ud83d\udea8<strong>No olvides de leer los t\u00e9rminos y condiciones, <a href=\"https:\/\/wappaart.com\/es\/terminos-y-condiciones\/\">clic aqu\u00ed<\/a><\/strong> \ud83d\udea8<\/p>\n","protected":false},"excerpt":{"rendered":"<p>Convierte tus recuerdos en obras de arte personalizadas con un estilo detallado: realista, lleno de matices y dise\u00f1ado para emocionar cada vez que lo mires. \u2728<\/p>\n<p>\u2b50\ufe0f Selecciona las opciones, adjunta tu(s) foto(s) y a\u00f1ade al carrito.<\/p>\n<p>\u2b50\ufe0f Recuerda leer la descripci\u00f3n abajo con toda la informaci\u00f3n importante.<\/p>\n<p>Si deseas una ilustraci\u00f3n grupal +6 personas por favor comunicate a mi Whatsapp, <a href=\"https:\/\/wa.link\/yotle0\" target=\"_blank\" rel=\"noopener\">clic aqu\u00ed.\u00a0<\/a><\/p>\n","protected":false},"featured_media":29498,"template":"","meta":{"_monsterinsights_skip_tracking":false,"_monsterinsights_sitenote_active":false,"_monsterinsights_sitenote_note":"","_monsterinsights_sitenote_category":0,"_uf_show_specific_survey":0,"_uf_disable_surveys":false,"site-sidebar-layout":"default","site-content-layout":"","ast-site-content-layout":"default","site-content-style":"default","site-sidebar-style":"default","ast-global-header-display":"","ast-banner-title-visibility":"","ast-main-header-display":"","ast-hfb-above-header-display":"","ast-hfb-below-header-display":"","ast-hfb-mobile-header-display":"","site-post-title":"","ast-breadcrumbs-content":"","ast-featured-img":"","footer-sml-layout":"","theme-transparent-header-meta":"default","adv-header-id-meta":"","stick-header-meta":"","header-above-stick-meta":"","header-main-stick-meta":"","header-below-stick-meta":"","astra-migrate-meta-layouts":"set","ast-page-background-enabled":"default","ast-page-background-meta":{"desktop":{"background-color":"","background-image":"","background-repeat":"repeat","background-position":"center center","background-size":"auto","background-attachment":"scroll","background-type":"","background-media":"","overlay-type":"","overlay-color":"","overlay-opacity":"","overlay-gradient":""},"tablet":{"background-color":"","background-image":"","background-repeat":"repeat","background-position":"center center","background-size":"auto","background-attachment":"scroll","background-type":"","background-media":"","overlay-type":"","overlay-color":"","overlay-opacity":"","overlay-gradient":""},"mobile":{"background-color":"","background-image":"","background-repeat":"repeat","background-position":"center center","background-size":"auto","background-attachment":"scroll","background-type":"","background-media":"","overlay-type":"","overlay-color":"","overlay-opacity":"","overlay-gradient":""}},"ast-content-background-meta":{"desktop":{"background-color":"var(--ast-global-color-5)","background-image":"","background-repeat":"repeat","background-position":"center center","background-size":"auto","background-attachment":"scroll","background-type":"","background-media":"","overlay-type":"","overlay-color":"","overlay-opacity":"","overlay-gradient":""},"tablet":{"background-color":"var(--ast-global-color-5)","background-image":"","background-repeat":"repeat","background-position":"center center","background-size":"auto","background-attachment":"scroll","background-type":"","background-media":"","overlay-type":"","overlay-color":"","overlay-opacity":"","overlay-gradient":""},"mobile":{"background-color":"var(--ast-global-color-5)","background-image":"","background-repeat":"repeat","background-position":"center center","background-size":"auto","background-attachment":"scroll","background-type":"","background-media":"","overlay-type":"","overlay-color":"","overlay-opacity":"","overlay-gradient":""}}},"product_brand":[],"product_cat":[79],"product_tag":[],"class_list":{"0":"post-27010","1":"product","2":"type-product","3":"status-publish","4":"has-post-thumbnail","6":"product_cat-ilustracion-personalizada","7":"desktop-align-left","8":"tablet-align-left","9":"mobile-align-left","11":"first","12":"instock","13":"shipping-taxable","14":"purchasable","15":"product-type-variable"},"_links":{"self":[{"href":"https:\/\/wappaart.com\/es\/wp-json\/wp\/v2\/product\/27010","targetHints":{"allow":["GET"]}}],"collection":[{"href":"https:\/\/wappaart.com\/es\/wp-json\/wp\/v2\/product"}],"about":[{"href":"https:\/\/wappaart.com\/es\/wp-json\/wp\/v2\/types\/product"}],"wp:featuredmedia":[{"embeddable":true,"href":"https:\/\/wappaart.com\/es\/wp-json\/wp\/v2\/media\/29498"}],"wp:attachment":[{"href":"https:\/\/wappaart.com\/es\/wp-json\/wp\/v2\/media?parent=27010"}],"wp:term":[{"taxonomy":"product_brand","embeddable":true,"href":"https:\/\/wappaart.com\/es\/wp-json\/wp\/v2\/product_brand?post=27010"},{"taxonomy":"product_cat","embeddable":true,"href":"https:\/\/wappaart.com\/es\/wp-json\/wp\/v2\/product_cat?post=27010"},{"taxonomy":"product_tag","embeddable":true,"href":"https:\/\/wappaart.com\/es\/wp-json\/wp\/v2\/product_tag?post=27010"}],"curies":[{"name":"wp","href":"https:\/\/api.w.org\/{rel}","templated":true}]}}