{"id":30368,"date":"2025-01-21T11:34:38","date_gmt":"2025-01-21T10:34:38","guid":{"rendered":"https:\/\/wappaart.com\/es\/?page_id=30368"},"modified":"2025-03-11T14:41:56","modified_gmt":"2025-03-11T13:41:56","slug":"coleccion-glam","status":"publish","type":"page","link":"https:\/\/wappaart.com\/es\/coleccion-glam\/","title":{"rendered":"COLECCI\u00d3N GLAM"},"content":{"rendered":"\t\t<div data-elementor-type=\"wp-page\" data-elementor-id=\"30368\" class=\"elementor elementor-30368\">\n\t\t\t\t<div class=\"elementor-element elementor-element-84e6b0b elementor-hidden-tablet elementor-hidden-mobile e-flex e-con-boxed e-con e-parent\" data-id=\"84e6b0b\" data-element_type=\"container\">\n\t\t\t\t\t<div class=\"e-con-inner\">\n\t\t\t\t<div class=\"elementor-element elementor-element-e50f6a4 elementor-widget-mobile__width-initial elementor-widget elementor-widget-heading\" data-id=\"e50f6a4\" data-element_type=\"widget\" data-widget_type=\"heading.default\">\n\t\t\t\t<div class=\"elementor-widget-container\">\n\t\t\t\t\t<h2 class=\"elementor-heading-title elementor-size-default\">COLECCI\u00d3N<\/h2>\t\t\t\t<\/div>\n\t\t\t\t<\/div>\n\t\t\t\t\t<\/div>\n\t\t\t\t<\/div>\n\t\t<div class=\"elementor-element elementor-element-257f642 elementor-hidden-tablet elementor-hidden-mobile e-flex e-con-boxed e-con e-parent\" data-id=\"257f642\" data-element_type=\"container\">\n\t\t\t\t\t<div class=\"e-con-inner\">\n\t\t\t\t<div class=\"elementor-element elementor-element-8c0c69a elementor-widget-mobile__width-initial elementor-widget elementor-widget-heading\" data-id=\"8c0c69a\" data-element_type=\"widget\" data-widget_type=\"heading.default\">\n\t\t\t\t<div class=\"elementor-widget-container\">\n\t\t\t\t\t<h2 class=\"elementor-heading-title elementor-size-default\">\u2728 GLAM  \u2728<\/h2>\t\t\t\t<\/div>\n\t\t\t\t<\/div>\n\t\t\t\t\t<\/div>\n\t\t\t\t<\/div>\n\t\t<div class=\"elementor-element elementor-element-9837946 e-flex e-con-boxed e-con e-parent\" data-id=\"9837946\" data-element_type=\"container\">\n\t\t\t\t\t<div class=\"e-con-inner\">\n\t\t\t\t<div class=\"elementor-element elementor-element-ead2194 elementor-hidden-tablet elementor-hidden-mobile elementor-widget elementor-widget-spacer\" data-id=\"ead2194\" data-element_type=\"widget\" data-widget_type=\"spacer.default\">\n\t\t\t\t<div class=\"elementor-widget-container\">\n\t\t\t\t\t\t\t<div class=\"elementor-spacer\">\n\t\t\t<div class=\"elementor-spacer-inner\"><\/div>\n\t\t<\/div>\n\t\t\t\t\t\t<\/div>\n\t\t\t\t<\/div>\n\t\t\t\t\t<\/div>\n\t\t\t\t<\/div>\n\t\t<div class=\"elementor-element elementor-element-45599ff elementor-hidden-tablet elementor-hidden-mobile e-flex e-con-boxed e-con e-parent\" data-id=\"45599ff\" data-element_type=\"container\">\n\t\t\t\t\t<div class=\"e-con-inner\">\n\t\t\t\t<div class=\"elementor-element elementor-element-8e4ac85 elementor-widget-mobile__width-initial elementor-widget elementor-widget-text-editor\" data-id=\"8e4ac85\" data-element_type=\"widget\" data-widget_type=\"text-editor.default\">\n\t\t\t\t<div class=\"elementor-widget-container\">\n\t\t\t\t\t\t\t\t\t<p>Pensada para el amor en todas sus formas. Arte brillante que transforma tus recuerdos en piezas extraordinarias.<\/p>\t\t\t\t\t\t\t\t<\/div>\n\t\t\t\t<\/div>\n\t\t\t\t\t<\/div>\n\t\t\t\t<\/div>\n\t\t<div class=\"elementor-element elementor-element-ecae245 elementor-hidden-tablet elementor-hidden-mobile e-flex e-con-boxed e-con e-parent\" data-id=\"ecae245\" data-element_type=\"container\">\n\t\t\t\t\t<div class=\"e-con-inner\">\n\t\t\t\t<div class=\"elementor-element elementor-element-c85eaf3 elementor-widget elementor-widget-spacer\" data-id=\"c85eaf3\" data-element_type=\"widget\" data-widget_type=\"spacer.default\">\n\t\t\t\t<div class=\"elementor-widget-container\">\n\t\t\t\t\t\t\t<div class=\"elementor-spacer\">\n\t\t\t<div class=\"elementor-spacer-inner\"><\/div>\n\t\t<\/div>\n\t\t\t\t\t\t<\/div>\n\t\t\t\t<\/div>\n\t\t\t\t\t<\/div>\n\t\t\t\t<\/div>\n\t\t<div class=\"elementor-element elementor-element-47caa0e e-grid e-con-boxed e-con e-parent\" data-id=\"47caa0e\" data-element_type=\"container\">\n\t\t\t\t\t<div class=\"e-con-inner\">\n\t\t\t\t<div class=\"elementor-element elementor-element-e9d20be elementor-hidden-tablet elementor-hidden-mobile premium-woo-product-align-center premium-qv-hidden-yes elementor-widget elementor-widget-premium-woo-products\" data-id=\"e9d20be\" data-element_type=\"widget\" data-widget_type=\"premium-woo-products.grid-1\">\n\t\t\t\t<div class=\"elementor-widget-container\">\n\t\t\t\t\t<div class=\"premium-woocommerce premium-woo-products-grid premium-woo-skin-grid-1 premium-woo-query-custom\" data-page-id=\"30368\" data-skin=\"grid_1\" data-quick-view=\"yes\"><div class=\"premium-woo-products-inner premium-woo-product__hover-swap\"><ul class=\"products columns-1\">\n\n<li class=\" post-28046 product first instock shipping-taxable purchasable product-type-variable\">\n\t<div class=\"premium-woo-product-wrapper\">\n\t\t<div class=\"premium-woo-product-thumbnail\"><a href=\"https:\/\/wappaart.com\/es\/producto\/foto-glam\/\" class=\"woocommerce-LoopProduct-link woocommerce-loop-product__link\"><img decoding=\"async\" src=\"https:\/\/wappaart.com\/es\/wp-content\/uploads\/sites\/2\/2025\/01\/Opt_Foto_Glam_3.jpg\" alt=\"\"><img fetchpriority=\"high\" decoding=\"async\" width=\"1080\" height=\"1920\" src=\"https:\/\/wappaart.com\/es\/wp-content\/uploads\/sites\/2\/2025\/01\/Wappa_PortadaReel_100125_Prueba.jpg\" class=\"premium-woo-product__on_hover\" alt=\"\" \/><\/a><div class=\"premium-woo-qv-btn premium-woo-qv-btn-translate\" data-product-id=\"28046\">Vista r\u00e1pida<i class=\"premium-woo-qv-icon fa fa-eye\"><\/i><\/div><\/div><div class=\"premium-woo-products-details-wrap\"><a href=\"https:\/\/wappaart.com\/es\/producto\/foto-glam\/\" class=\"premium-woo-product__link\"><h2 class=\"woocommerce-loop-product__title\">Foto GLAM\u2728<\/h2><\/a>\n\t<span class=\"price\"><span class=\"woocommerce-Price-amount amount\" aria-hidden=\"true\"><bdi>32,00&nbsp;<span class=\"woocommerce-Price-currencySymbol\">&euro;<\/span><\/bdi><\/span> <span aria-hidden=\"true\">-<\/span> <span class=\"woocommerce-Price-amount amount\" aria-hidden=\"true\"><bdi>65,00&nbsp;<span class=\"woocommerce-Price-currencySymbol\">&euro;<\/span><\/bdi><\/span><span class=\"screen-reader-text\">Rango de precios: desde 32,00&nbsp;&euro; hasta 65,00&nbsp;&euro;<\/span><\/span>\n<div class=\"premium-woo-atc-button\" data-variations=&quot;true&quot;><a href=\"https:\/\/wappaart.com\/es\/producto\/foto-glam\/\" aria-describedby=\"woocommerce_loop_add_to_cart_link_describedby_28046\" data-quantity=\"1\" class=\"button product_type_variable add_to_cart_button cfvsw_ajax_add_to_cart\" data-product_id=\"28046\" data-product_sku=\"\" aria-label=\"Elige las opciones para &ldquo;Foto GLAM\u2728&rdquo;\" rel=\"nofollow\" data-add_to_cart_text=\"A\u00f1adir al carrito\" data-select_options_text=\"Seleccionar opciones\">Seleccionar opciones<\/a>\t<span id=\"woocommerce_loop_add_to_cart_link_describedby_28046\" class=\"screen-reader-text\">\n\t\tEste producto tiene m\u00faltiples variantes. Las opciones se pueden elegir en la p\u00e1gina de producto\t<\/span>\n<\/div><\/div>\t<\/div>\n<\/li>\n<\/ul>\n<\/div><\/div><div id=\"premium-woo-quick-view-e9d20be\" class=\"premium-woo-quick-view-e9d20be\">\r\n\t<div class=\"premium-woo-quick-view-back\">\r\n\t\t<div class=\"premium-woo-quick-view-loader\"><\/div>\r\n\t<\/div>\r\n\t<div id=\"premium-woo-quick-view-modal\">\r\n\t\t<div class=\"premium-woo-content-main-wrapper\"><!--\r\n\t\t--><div class=\"premium-woo-content-main\">\r\n\t\t\t\t<div class=\"premium-woo-lightbox-content\">\r\n\r\n\t\t\t\t\t<a href=\"#\" class=\"premium-woo-quick-view-close fa fa-close\"><\/a>\r\n\r\n\t\t\t\t\t<div id=\"premium-woo-quick-view-content\" class=\"woocommerce single-product\"><\/div>\r\n\t\t\t\t<\/div>\r\n\t\t\t<\/div>\r\n\t\t<\/div>\r\n\t<\/div>\r\n<\/div>\r\n\t\t\t\t<\/div>\n\t\t\t\t<\/div>\n\t\t\t\t<div class=\"elementor-element elementor-element-b00df7d elementor-hidden-tablet elementor-hidden-mobile premium-woo-product-align-center premium-qv-hidden-yes elementor-widget elementor-widget-premium-woo-products\" data-id=\"b00df7d\" data-element_type=\"widget\" data-widget_type=\"premium-woo-products.grid-1\">\n\t\t\t\t<div class=\"elementor-widget-container\">\n\t\t\t\t\t<div class=\"premium-woocommerce premium-woo-products-grid premium-woo-skin-grid-1 premium-woo-query-custom\" data-page-id=\"30368\" data-skin=\"grid_1\" data-quick-view=\"yes\"><div class=\"premium-woo-products-inner premium-woo-product__hover-swap\"><ul class=\"products columns-1\">\n\n<li class=\" post-30705 product first instock shipping-taxable purchasable product-type-variable\">\n\t<div class=\"premium-woo-product-wrapper\">\n\t\t<div class=\"premium-woo-product-thumbnail\"><a href=\"https:\/\/wappaart.com\/es\/producto\/collage-glam\/\" class=\"woocommerce-LoopProduct-link woocommerce-loop-product__link\"><img decoding=\"async\" src=\"https:\/\/wappaart.com\/es\/wp-content\/uploads\/sites\/2\/2025\/02\/Opt_Collage_Glam_1.jpg\" alt=\"\"><img decoding=\"async\" width=\"1080\" height=\"1350\" src=\"https:\/\/wappaart.com\/es\/wp-content\/uploads\/sites\/2\/2025\/02\/Opt_Collage_Glam_2.jpg\" class=\"premium-woo-product__on_hover\" alt=\"\" \/><\/a><div class=\"premium-woo-qv-btn premium-woo-qv-btn-translate\" data-product-id=\"30705\">Vista r\u00e1pida<i class=\"premium-woo-qv-icon fa fa-eye\"><\/i><\/div><\/div><div class=\"premium-woo-products-details-wrap\"><a href=\"https:\/\/wappaart.com\/es\/producto\/collage-glam\/\" class=\"premium-woo-product__link\"><h2 class=\"woocommerce-loop-product__title\">Collage GLAM\u2728<\/h2><\/a>\n\t<span class=\"price\"><span class=\"woocommerce-Price-amount amount\"><bdi>60,00&nbsp;<span class=\"woocommerce-Price-currencySymbol\">&euro;<\/span><\/bdi><\/span><\/span>\n<div class=\"premium-woo-atc-button\" data-variations=&quot;true&quot;><a href=\"https:\/\/wappaart.com\/es\/producto\/collage-glam\/\" aria-describedby=\"woocommerce_loop_add_to_cart_link_describedby_30705\" data-quantity=\"1\" class=\"button product_type_variable add_to_cart_button cfvsw_ajax_add_to_cart\" data-product_id=\"30705\" data-product_sku=\"\" aria-label=\"Elige las opciones para &ldquo;Collage GLAM\u2728&rdquo;\" rel=\"nofollow\" data-add_to_cart_text=\"A\u00f1adir al carrito\" data-select_options_text=\"Seleccionar opciones\">Seleccionar opciones<\/a>\t<span id=\"woocommerce_loop_add_to_cart_link_describedby_30705\" class=\"screen-reader-text\">\n\t\tEste producto tiene m\u00faltiples variantes. Las opciones se pueden elegir en la p\u00e1gina de producto\t<\/span>\n<\/div><\/div>\t<\/div>\n<\/li>\n<\/ul>\n<\/div><\/div><div id=\"premium-woo-quick-view-b00df7d\" class=\"premium-woo-quick-view-b00df7d\">\r\n\t<div class=\"premium-woo-quick-view-back\">\r\n\t\t<div class=\"premium-woo-quick-view-loader\"><\/div>\r\n\t<\/div>\r\n\t<div id=\"premium-woo-quick-view-modal\">\r\n\t\t<div class=\"premium-woo-content-main-wrapper\"><!--\r\n\t\t--><div class=\"premium-woo-content-main\">\r\n\t\t\t\t<div class=\"premium-woo-lightbox-content\">\r\n\r\n\t\t\t\t\t<a href=\"#\" class=\"premium-woo-quick-view-close fa fa-close\"><\/a>\r\n\r\n\t\t\t\t\t<div id=\"premium-woo-quick-view-content\" class=\"woocommerce single-product\"><\/div>\r\n\t\t\t\t<\/div>\r\n\t\t\t<\/div>\r\n\t\t<\/div>\r\n\t<\/div>\r\n<\/div>\r\n\t\t\t\t<\/div>\n\t\t\t\t<\/div>\n\t\t\t\t\t<\/div>\n\t\t\t\t<\/div>\n\t\t<div class=\"elementor-element elementor-element-a2b7be3 elementor-hidden-desktop e-flex e-con-boxed e-con e-parent\" data-id=\"a2b7be3\" data-element_type=\"container\">\n\t\t\t\t\t<div class=\"e-con-inner\">\n\t\t\t\t<div class=\"elementor-element elementor-element-91cdc97 elementor-hidden-tablet elementor-hidden-mobile elementor-widget elementor-widget-spacer\" data-id=\"91cdc97\" data-element_type=\"widget\" data-widget_type=\"spacer.default\">\n\t\t\t\t<div class=\"elementor-widget-container\">\n\t\t\t\t\t\t\t<div class=\"elementor-spacer\">\n\t\t\t<div class=\"elementor-spacer-inner\"><\/div>\n\t\t<\/div>\n\t\t\t\t\t\t<\/div>\n\t\t\t\t<\/div>\n\t\t\t\t\t<\/div>\n\t\t\t\t<\/div>\n\t\t<div class=\"elementor-element elementor-element-6424fd8 e-con-full elementor-hidden-desktop e-flex e-con e-parent\" data-id=\"6424fd8\" data-element_type=\"container\" data-settings=\"{&quot;background_background&quot;:&quot;classic&quot;}\">\n\t\t\t\t<div class=\"elementor-element elementor-element-7cebe65 elementor-widget-mobile__width-initial elementor-widget elementor-widget-heading\" data-id=\"7cebe65\" data-element_type=\"widget\" data-widget_type=\"heading.default\">\n\t\t\t\t<div class=\"elementor-widget-container\">\n\t\t\t\t\t<h2 class=\"elementor-heading-title elementor-size-default\">COLECCI\u00d3N<\/h2>\t\t\t\t<\/div>\n\t\t\t\t<\/div>\n\t\t\t\t<div class=\"elementor-element elementor-element-3498a0f elementor-widget-mobile__width-initial elementor-widget elementor-widget-heading\" data-id=\"3498a0f\" data-element_type=\"widget\" data-widget_type=\"heading.default\">\n\t\t\t\t<div class=\"elementor-widget-container\">\n\t\t\t\t\t<h2 class=\"elementor-heading-title elementor-size-default\">\u2728 GLAM  \u2728<\/h2>\t\t\t\t<\/div>\n\t\t\t\t<\/div>\n\t\t\t\t<\/div>\n\t\t<div class=\"elementor-element elementor-element-cd7eaaf elementor-hidden-desktop e-flex e-con-boxed e-con e-parent\" data-id=\"cd7eaaf\" data-element_type=\"container\" data-settings=\"{&quot;background_background&quot;:&quot;classic&quot;}\">\n\t\t\t\t\t<div class=\"e-con-inner\">\n\t\t\t\t<div class=\"elementor-element elementor-element-a6ae756 elementor-widget-mobile__width-initial elementor-widget elementor-widget-text-editor\" data-id=\"a6ae756\" data-element_type=\"widget\" data-widget_type=\"text-editor.default\">\n\t\t\t\t<div class=\"elementor-widget-container\">\n\t\t\t\t\t\t\t\t\t<p>Arte brillante que transforma tus recuerdos en piezas extraordinarias.<\/p>\t\t\t\t\t\t\t\t<\/div>\n\t\t\t\t<\/div>\n\t\t\t\t\t<\/div>\n\t\t\t\t<\/div>\n\t\t<div class=\"elementor-element elementor-element-fb5aceb e-flex e-con-boxed e-con e-parent\" data-id=\"fb5aceb\" data-element_type=\"container\">\n\t\t\t\t\t<div class=\"e-con-inner\">\n\t\t\t\t<div class=\"elementor-element elementor-element-4adab98 elementor-hidden-desktop premium-woo-product-align-center premium-qv-hidden-yes elementor-widget elementor-widget-premium-woo-products\" data-id=\"4adab98\" data-element_type=\"widget\" data-widget_type=\"premium-woo-products.grid-1\">\n\t\t\t\t<div class=\"elementor-widget-container\">\n\t\t\t\t\t<div class=\"premium-woocommerce premium-woo-products-grid premium-woo-skin-grid-1 premium-woo-query-custom\" data-page-id=\"30368\" data-skin=\"grid_1\" data-quick-view=\"yes\"><div class=\"premium-woo-products-inner premium-woo-product__hover-swap\"><ul class=\"products columns-3\">\n\n<li class=\" post-30705 product first instock shipping-taxable purchasable product-type-variable\">\n\t<div class=\"premium-woo-product-wrapper\">\n\t\t<div class=\"premium-woo-product-thumbnail\"><a href=\"https:\/\/wappaart.com\/es\/producto\/collage-glam\/\" class=\"woocommerce-LoopProduct-link woocommerce-loop-product__link\"><img decoding=\"async\" src=\"https:\/\/wappaart.com\/es\/wp-content\/uploads\/sites\/2\/2025\/02\/Opt_Collage_Glam_1.jpg\" alt=\"\"><img decoding=\"async\" width=\"1080\" height=\"1350\" src=\"https:\/\/wappaart.com\/es\/wp-content\/uploads\/sites\/2\/2025\/02\/Opt_Collage_Glam_2.jpg\" class=\"premium-woo-product__on_hover\" alt=\"\" \/><\/a><div class=\"premium-woo-qv-btn premium-woo-qv-btn-translate\" data-product-id=\"30705\">Vista r\u00e1pida<i class=\"premium-woo-qv-icon fa fa-eye\"><\/i><\/div><\/div><div class=\"premium-woo-products-details-wrap\"><a href=\"https:\/\/wappaart.com\/es\/producto\/collage-glam\/\" class=\"premium-woo-product__link\"><h2 class=\"woocommerce-loop-product__title\">Collage GLAM\u2728<\/h2><\/a>\n\t<span class=\"price\"><span class=\"woocommerce-Price-amount amount\"><bdi>60,00&nbsp;<span class=\"woocommerce-Price-currencySymbol\">&euro;<\/span><\/bdi><\/span><\/span>\n<div class=\"premium-woo-atc-button\" data-variations=&quot;true&quot;><a href=\"https:\/\/wappaart.com\/es\/producto\/collage-glam\/\" aria-describedby=\"woocommerce_loop_add_to_cart_link_describedby_30705\" data-quantity=\"1\" class=\"button product_type_variable add_to_cart_button cfvsw_ajax_add_to_cart\" data-product_id=\"30705\" data-product_sku=\"\" aria-label=\"Elige las opciones para &ldquo;Collage GLAM\u2728&rdquo;\" rel=\"nofollow\" data-add_to_cart_text=\"A\u00f1adir al carrito\" data-select_options_text=\"Seleccionar opciones\">Seleccionar opciones<\/a>\t<span id=\"woocommerce_loop_add_to_cart_link_describedby_30705\" class=\"screen-reader-text\">\n\t\tEste producto tiene m\u00faltiples variantes. Las opciones se pueden elegir en la p\u00e1gina de producto\t<\/span>\n<\/div><\/div>\t<\/div>\n<\/li>\n\n<li class=\" post-28046 product  instock shipping-taxable purchasable product-type-variable\">\n\t<div class=\"premium-woo-product-wrapper\">\n\t\t<div class=\"premium-woo-product-thumbnail\"><a href=\"https:\/\/wappaart.com\/es\/producto\/foto-glam\/\" class=\"woocommerce-LoopProduct-link woocommerce-loop-product__link\"><img decoding=\"async\" src=\"https:\/\/wappaart.com\/es\/wp-content\/uploads\/sites\/2\/2025\/01\/Opt_Foto_Glam_3.jpg\" alt=\"\"><img fetchpriority=\"high\" decoding=\"async\" width=\"1080\" height=\"1920\" src=\"https:\/\/wappaart.com\/es\/wp-content\/uploads\/sites\/2\/2025\/01\/Wappa_PortadaReel_100125_Prueba.jpg\" class=\"premium-woo-product__on_hover\" alt=\"\" \/><\/a><div class=\"premium-woo-qv-btn premium-woo-qv-btn-translate\" data-product-id=\"28046\">Vista r\u00e1pida<i class=\"premium-woo-qv-icon fa fa-eye\"><\/i><\/div><\/div><div class=\"premium-woo-products-details-wrap\"><a href=\"https:\/\/wappaart.com\/es\/producto\/foto-glam\/\" class=\"premium-woo-product__link\"><h2 class=\"woocommerce-loop-product__title\">Foto GLAM\u2728<\/h2><\/a>\n\t<span class=\"price\"><span class=\"woocommerce-Price-amount amount\" aria-hidden=\"true\"><bdi>32,00&nbsp;<span class=\"woocommerce-Price-currencySymbol\">&euro;<\/span><\/bdi><\/span> <span aria-hidden=\"true\">-<\/span> <span class=\"woocommerce-Price-amount amount\" aria-hidden=\"true\"><bdi>65,00&nbsp;<span class=\"woocommerce-Price-currencySymbol\">&euro;<\/span><\/bdi><\/span><span class=\"screen-reader-text\">Rango de precios: desde 32,00&nbsp;&euro; hasta 65,00&nbsp;&euro;<\/span><\/span>\n<div class=\"premium-woo-atc-button\" data-variations=&quot;true&quot;><a href=\"https:\/\/wappaart.com\/es\/producto\/foto-glam\/\" aria-describedby=\"woocommerce_loop_add_to_cart_link_describedby_28046\" data-quantity=\"1\" class=\"button product_type_variable add_to_cart_button cfvsw_ajax_add_to_cart\" data-product_id=\"28046\" data-product_sku=\"\" aria-label=\"Elige las opciones para &ldquo;Foto GLAM\u2728&rdquo;\" rel=\"nofollow\" data-add_to_cart_text=\"A\u00f1adir al carrito\" data-select_options_text=\"Seleccionar opciones\">Seleccionar opciones<\/a>\t<span id=\"woocommerce_loop_add_to_cart_link_describedby_28046\" class=\"screen-reader-text\">\n\t\tEste producto tiene m\u00faltiples variantes. Las opciones se pueden elegir en la p\u00e1gina de producto\t<\/span>\n<\/div><\/div>\t<\/div>\n<\/li>\n<\/ul>\n<\/div><\/div><div id=\"premium-woo-quick-view-4adab98\" class=\"premium-woo-quick-view-4adab98\">\r\n\t<div class=\"premium-woo-quick-view-back\">\r\n\t\t<div class=\"premium-woo-quick-view-loader\"><\/div>\r\n\t<\/div>\r\n\t<div id=\"premium-woo-quick-view-modal\">\r\n\t\t<div class=\"premium-woo-content-main-wrapper\"><!--\r\n\t\t--><div class=\"premium-woo-content-main\">\r\n\t\t\t\t<div class=\"premium-woo-lightbox-content\">\r\n\r\n\t\t\t\t\t<a href=\"#\" class=\"premium-woo-quick-view-close fa fa-close\"><\/a>\r\n\r\n\t\t\t\t\t<div id=\"premium-woo-quick-view-content\" class=\"woocommerce single-product\"><\/div>\r\n\t\t\t\t<\/div>\r\n\t\t\t<\/div>\r\n\t\t<\/div>\r\n\t<\/div>\r\n<\/div>\r\n\t\t\t\t<\/div>\n\t\t\t\t<\/div>\n\t\t\t\t\t<\/div>\n\t\t\t\t<\/div>\n\t\t<div class=\"elementor-element elementor-element-1889566 e-flex e-con-boxed e-con e-parent\" data-id=\"1889566\" data-element_type=\"container\">\n\t\t\t\t\t<div class=\"e-con-inner\">\n\t\t\t\t<div class=\"elementor-element elementor-element-e072aad elementor-widget elementor-widget-spacer\" data-id=\"e072aad\" data-element_type=\"widget\" data-widget_type=\"spacer.default\">\n\t\t\t\t<div class=\"elementor-widget-container\">\n\t\t\t\t\t\t\t<div class=\"elementor-spacer\">\n\t\t\t<div class=\"elementor-spacer-inner\"><\/div>\n\t\t<\/div>\n\t\t\t\t\t\t<\/div>\n\t\t\t\t<\/div>\n\t\t\t\t\t<\/div>\n\t\t\t\t<\/div>\n\t\t\t\t<\/div>\n\t\t","protected":false},"excerpt":{"rendered":"<p>COLECCI\u00d3N \u2728 GLAM \u2728 Pensada para el amor en todas sus formas. Arte brillante que transforma tus recuerdos en piezas extraordinarias. Vista r\u00e1pida Foto GLAM\u2728 32,00&nbsp;&euro; &ndash; 65,00&nbsp;&euro; Seleccionar opciones Este producto tiene m\u00faltiples variantes. Las opciones se pueden elegir en la p\u00e1gina de producto Vista r\u00e1pida Collage GLAM\u2728 60,00&nbsp;&euro; Seleccionar opciones Este producto tiene [&hellip;]<\/p>\n","protected":false},"author":1,"featured_media":0,"parent":0,"menu_order":0,"comment_status":"closed","ping_status":"closed","template":"","meta":{"_monsterinsights_skip_tracking":false,"_monsterinsights_sitenote_active":false,"_monsterinsights_sitenote_note":"","_monsterinsights_sitenote_category":0,"_uf_show_specific_survey":0,"_uf_disable_surveys":false,"site-sidebar-layout":"no-sidebar","site-content-layout":"page-builder","ast-site-content-layout":"full-width-container","site-content-style":"default","site-sidebar-style":"default","ast-global-header-display":"","ast-banner-title-visibility":"","ast-main-header-display":"","ast-hfb-above-header-display":"","ast-hfb-below-header-display":"","ast-hfb-mobile-header-display":"","site-post-title":"disabled","ast-breadcrumbs-content":"","ast-featured-img":"disabled","footer-sml-layout":"","theme-transparent-header-meta":"","adv-header-id-meta":"","stick-header-meta":"","header-above-stick-meta":"","header-main-stick-meta":"","header-below-stick-meta":"","astra-migrate-meta-layouts":"default","ast-page-background-enabled":"default","ast-page-background-meta":{"desktop":{"background-color":"","background-image":"","background-repeat":"repeat","background-position":"center center","background-size":"auto","background-attachment":"scroll","background-type":"","background-media":"","overlay-type":"","overlay-color":"","overlay-opacity":"","overlay-gradient":""},"tablet":{"background-color":"","background-image":"","background-repeat":"repeat","background-position":"center center","background-size":"auto","background-attachment":"scroll","background-type":"","background-media":"","overlay-type":"","overlay-color":"","overlay-opacity":"","overlay-gradient":""},"mobile":{"background-color":"","background-image":"","background-repeat":"repeat","background-position":"center center","background-size":"auto","background-attachment":"scroll","background-type":"","background-media":"","overlay-type":"","overlay-color":"","overlay-opacity":"","overlay-gradient":""}},"ast-content-background-meta":{"desktop":{"background-color":"var(--ast-global-color-5)","background-image":"","background-repeat":"repeat","background-position":"center center","background-size":"auto","background-attachment":"scroll","background-type":"","background-media":"","overlay-type":"","overlay-color":"","overlay-opacity":"","overlay-gradient":""},"tablet":{"background-color":"var(--ast-global-color-5)","background-image":"","background-repeat":"repeat","background-position":"center center","background-size":"auto","background-attachment":"scroll","background-type":"","background-media":"","overlay-type":"","overlay-color":"","overlay-opacity":"","overlay-gradient":""},"mobile":{"background-color":"var(--ast-global-color-5)","background-image":"","background-repeat":"repeat","background-position":"center center","background-size":"auto","background-attachment":"scroll","background-type":"","background-media":"","overlay-type":"","overlay-color":"","overlay-opacity":"","overlay-gradient":""}},"footnotes":""},"class_list":["post-30368","page","type-page","status-publish","hentry","desktop-align-left","tablet-align-left","mobile-align-left"],"_links":{"self":[{"href":"https:\/\/wappaart.com\/es\/wp-json\/wp\/v2\/pages\/30368","targetHints":{"allow":["GET"]}}],"collection":[{"href":"https:\/\/wappaart.com\/es\/wp-json\/wp\/v2\/pages"}],"about":[{"href":"https:\/\/wappaart.com\/es\/wp-json\/wp\/v2\/types\/page"}],"author":[{"embeddable":true,"href":"https:\/\/wappaart.com\/es\/wp-json\/wp\/v2\/users\/1"}],"replies":[{"embeddable":true,"href":"https:\/\/wappaart.com\/es\/wp-json\/wp\/v2\/comments?post=30368"}],"version-history":[{"count":141,"href":"https:\/\/wappaart.com\/es\/wp-json\/wp\/v2\/pages\/30368\/revisions"}],"predecessor-version":[{"id":31094,"href":"https:\/\/wappaart.com\/es\/wp-json\/wp\/v2\/pages\/30368\/revisions\/31094"}],"wp:attachment":[{"href":"https:\/\/wappaart.com\/es\/wp-json\/wp\/v2\/media?parent=30368"}],"curies":[{"name":"wp","href":"https:\/\/api.w.org\/{rel}","templated":true}]}}