{"id":30201,"date":"2025-01-14T23:30:08","date_gmt":"2025-01-14T22:30:08","guid":{"rendered":"https:\/\/wappaart.com\/es\/?page_id=30201"},"modified":"2025-01-14T23:39:01","modified_gmt":"2025-01-14T22:39:01","slug":"politica-de-privacidad-y-cookies","status":"publish","type":"page","link":"https:\/\/wappaart.com\/es\/politica-de-privacidad-y-cookies\/","title":{"rendered":"POL\u00cdTICA DE PRIVACIDAD Y COOKIES"},"content":{"rendered":"\t\t<div data-elementor-type=\"wp-page\" data-elementor-id=\"30201\" class=\"elementor elementor-30201\">\n\t\t\t\t<div class=\"elementor-element elementor-element-05ab9a9 e-con-full e-flex e-con e-parent\" data-id=\"05ab9a9\" data-element_type=\"container\">\n\t\t\t\t<div class=\"elementor-element elementor-element-311974a elementor-widget elementor-widget-spacer\" data-id=\"311974a\" data-element_type=\"widget\" data-widget_type=\"spacer.default\">\n\t\t\t\t<div class=\"elementor-widget-container\">\n\t\t\t\t\t\t\t<div class=\"elementor-spacer\">\n\t\t\t<div class=\"elementor-spacer-inner\"><\/div>\n\t\t<\/div>\n\t\t\t\t\t\t<\/div>\n\t\t\t\t<\/div>\n\t\t\t\t<div class=\"elementor-element elementor-element-1a6bca4 elementor-widget elementor-widget-heading\" data-id=\"1a6bca4\" data-element_type=\"widget\" data-widget_type=\"heading.default\">\n\t\t\t\t<div class=\"elementor-widget-container\">\n\t\t\t\t\t<h2 class=\"elementor-heading-title elementor-size-default\">POL\u00cdTICA DE PRIVACIDAD Y COOKIES<\/h2>\t\t\t\t<\/div>\n\t\t\t\t<\/div>\n\t\t\t\t<div class=\"elementor-element elementor-element-8fff40d elementor-widget-mobile__width-initial elementor-widget elementor-widget-text-editor\" data-id=\"8fff40d\" data-element_type=\"widget\" data-widget_type=\"text-editor.default\">\n\t\t\t\t<div class=\"elementor-widget-container\">\n\t\t\t\t\t\t\t\t\t<p>En Wappa Art me comprometo a proteger y respetar tu privacidad. Esta Pol\u00edtica de Privacidad y Cookies tiene como objetivo informarte sobre c\u00f3mo recopilo, utilizo y protejo tus datos personales al utilizar mi sitio web.<\/p><p><b>1. Informaci\u00f3n que recopilo:<\/b><\/p><p>Recopilo y proceso los siguientes tipos de datos cuando interact\u00faas con mi sitio web:<\/p><p><b>Datos personales<\/b>: Como nombre, direcci\u00f3n de correo electr\u00f3nico, direcci\u00f3n de env\u00edo, tel\u00e9fono y datos de pago que me proporcionas al realizar una compra o ponerte en contacto conmigo.<\/p><p><b>Datos de navegaci\u00f3n<\/b>: Informaci\u00f3n sobre tu uso de mi sitio web, como la direcci\u00f3n IP, la ubicaci\u00f3n, el navegador utilizado, las p\u00e1ginas visitadas y la duraci\u00f3n de la visita.<\/p><p><b>2. C\u00f3mo utilizo tus datos:<\/b><\/p><p>Utilizo tus datos personales para los siguientes fines:<\/p><p><b>Procesar y gestionar tu pedido<\/b>: Para entregarte mis productos y servicios, gestionar el pago y enviar tu pedido.<\/p><p><b>Atenci\u00f3n al cliente<\/b>: Para responder a consultas, solicitudes de informaci\u00f3n o dudas relacionadas con tus compras.<\/p><p><b>Mejorar mi web y servicios<\/b>: Para personalizar tu experiencia en el sitio y mejorar el rendimiento de la web.<\/p><p><b>Comunicaciones comerciales<\/b>: Si has dado tu consentimiento, puedo enviarte promociones y novedades sobre mis productos y servicios. Puedes optar por no recibir estos mensajes en cualquier momento.<\/p><p><b>3. Protecci\u00f3n de tus datos:<\/b><\/p><p>En Wappa Art implemento medidas de seguridad para proteger tus datos personales frente a accesos no autorizados, alteraciones o p\u00e9rdidas. Sin embargo, debes ser consciente de que ning\u00fan m\u00e9todo de transmisi\u00f3n por internet o almacenamiento electr\u00f3nico es completamente seguro.<\/p><p><b>4. Compartir tus datos:<\/b><\/p><p>No comparto ni vendo tus datos personales a terceros. No obstante, puedo compartirlos con proveedores de servicios que me ayuden en la gesti\u00f3n de mis pedidos (como empresas de mensajer\u00eda y plataformas de pago), siempre bajo los t\u00e9rminos adecuados de privacidad.<\/p><p><b>5. Derechos de acceso, rectificaci\u00f3n, cancelaci\u00f3n y oposici\u00f3n:<\/b><\/p><p>Tienes derecho a acceder, corregir o eliminar cualquier dato personal que tenga sobre ti. Tambi\u00e9n puedes oponerte al uso de tus datos para fines comerciales. Para ejercer estos derechos, puedes ponerte en contacto conmigo a trav\u00e9s de los medios indicados en la p\u00e1gina de contacto.<\/p><p><b>6. Cookies:<\/b><\/p><p>Para mejorar tu experiencia en mi sitio web, utilizo cookies. Las cookies son peque\u00f1os archivos que se almacenan en tu dispositivo cuando visitas un sitio web. Estas me permiten:<\/p><p>Recordar tus preferencias de navegaci\u00f3n y ayudarte a navegar por el sitio de manera m\u00e1s eficiente.<\/p><p>Recopilar estad\u00edsticas sobre el uso de la p\u00e1gina web y mejorar el contenido.<\/p><p>Personalizar la publicidad y las ofertas que muestro.<\/p><p>Puedes configurar tu navegador para bloquear las cookies, aunque esto puede afectar la funcionalidad del sitio web. Si contin\u00faas navegando por el sitio web, aceptas el uso de cookies de acuerdo con esta pol\u00edtica.<\/p><p><b>7. Cambios en la Pol\u00edtica de Privacidad:<\/b><\/p><p>Me reservo el derecho de modificar esta Pol\u00edtica de Privacidad y Cookies en cualquier momento. Cualquier cambio ser\u00e1 publicado en esta p\u00e1gina y entrar\u00e1 en vigor inmediatamente.<\/p><p><b>8. Contacto:<\/b><\/p><p>Si tienes alguna pregunta o necesitas m\u00e1s informaci\u00f3n sobre mi Pol\u00edtica de Privacidad y Cookies, no dudes en contactarme a trav\u00e9s de los medios proporcionados en el sitio web.<\/p><p><b>\u00daltima actualizaci\u00f3n<\/b>: Enero 2025<\/p>\t\t\t\t\t\t\t\t<\/div>\n\t\t\t\t<\/div>\n\t\t\t\t<div class=\"elementor-element elementor-element-6401221 elementor-widget elementor-widget-spacer\" data-id=\"6401221\" data-element_type=\"widget\" data-widget_type=\"spacer.default\">\n\t\t\t\t<div class=\"elementor-widget-container\">\n\t\t\t\t\t\t\t<div class=\"elementor-spacer\">\n\t\t\t<div class=\"elementor-spacer-inner\"><\/div>\n\t\t<\/div>\n\t\t\t\t\t\t<\/div>\n\t\t\t\t<\/div>\n\t\t\t\t<\/div>\n\t\t\t\t<\/div>\n\t\t","protected":false},"excerpt":{"rendered":"<p>POL\u00cdTICA DE PRIVACIDAD Y COOKIES En Wappa Art me comprometo a proteger y respetar tu privacidad. Esta Pol\u00edtica de Privacidad y Cookies tiene como objetivo informarte sobre c\u00f3mo recopilo, utilizo y protejo tus datos personales al utilizar mi sitio web. 1. Informaci\u00f3n que recopilo: Recopilo y proceso los siguientes tipos de datos cuando interact\u00faas con [&hellip;]<\/p>\n","protected":false},"author":1,"featured_media":0,"parent":0,"menu_order":0,"comment_status":"closed","ping_status":"closed","template":"","meta":{"_monsterinsights_skip_tracking":false,"_monsterinsights_sitenote_active":false,"_monsterinsights_sitenote_note":"","_monsterinsights_sitenote_category":0,"_uf_show_specific_survey":0,"_uf_disable_surveys":false,"site-sidebar-layout":"no-sidebar","site-content-layout":"page-builder","ast-site-content-layout":"full-width-container","site-content-style":"default","site-sidebar-style":"default","ast-global-header-display":"","ast-banner-title-visibility":"","ast-main-header-display":"","ast-hfb-above-header-display":"","ast-hfb-below-header-display":"","ast-hfb-mobile-header-display":"","site-post-title":"disabled","ast-breadcrumbs-content":"","ast-featured-img":"disabled","footer-sml-layout":"","theme-transparent-header-meta":"","adv-header-id-meta":"","stick-header-meta":"","header-above-stick-meta":"","header-main-stick-meta":"","header-below-stick-meta":"","astra-migrate-meta-layouts":"set","ast-page-background-enabled":"default","ast-page-background-meta":{"desktop":{"background-color":"","background-image":"","background-repeat":"repeat","background-position":"center center","background-size":"auto","background-attachment":"scroll","background-type":"","background-media":"","overlay-type":"","overlay-color":"","overlay-opacity":"","overlay-gradient":""},"tablet":{"background-color":"","background-image":"","background-repeat":"repeat","background-position":"center center","background-size":"auto","background-attachment":"scroll","background-type":"","background-media":"","overlay-type":"","overlay-color":"","overlay-opacity":"","overlay-gradient":""},"mobile":{"background-color":"","background-image":"","background-repeat":"repeat","background-position":"center center","background-size":"auto","background-attachment":"scroll","background-type":"","background-media":"","overlay-type":"","overlay-color":"","overlay-opacity":"","overlay-gradient":""}},"ast-content-background-meta":{"desktop":{"background-color":"var(--ast-global-color-5)","background-image":"","background-repeat":"repeat","background-position":"center center","background-size":"auto","background-attachment":"scroll","background-type":"","background-media":"","overlay-type":"","overlay-color":"","overlay-opacity":"","overlay-gradient":""},"tablet":{"background-color":"var(--ast-global-color-5)","background-image":"","background-repeat":"repeat","background-position":"center center","background-size":"auto","background-attachment":"scroll","background-type":"","background-media":"","overlay-type":"","overlay-color":"","overlay-opacity":"","overlay-gradient":""},"mobile":{"background-color":"var(--ast-global-color-5)","background-image":"","background-repeat":"repeat","background-position":"center center","background-size":"auto","background-attachment":"scroll","background-type":"","background-media":"","overlay-type":"","overlay-color":"","overlay-opacity":"","overlay-gradient":""}},"footnotes":""},"class_list":["post-30201","page","type-page","status-publish","hentry"],"_links":{"self":[{"href":"https:\/\/wappaart.com\/es\/wp-json\/wp\/v2\/pages\/30201","targetHints":{"allow":["GET"]}}],"collection":[{"href":"https:\/\/wappaart.com\/es\/wp-json\/wp\/v2\/pages"}],"about":[{"href":"https:\/\/wappaart.com\/es\/wp-json\/wp\/v2\/types\/page"}],"author":[{"embeddable":true,"href":"https:\/\/wappaart.com\/es\/wp-json\/wp\/v2\/users\/1"}],"replies":[{"embeddable":true,"href":"https:\/\/wappaart.com\/es\/wp-json\/wp\/v2\/comments?post=30201"}],"version-history":[{"count":6,"href":"https:\/\/wappaart.com\/es\/wp-json\/wp\/v2\/pages\/30201\/revisions"}],"predecessor-version":[{"id":30220,"href":"https:\/\/wappaart.com\/es\/wp-json\/wp\/v2\/pages\/30201\/revisions\/30220"}],"wp:attachment":[{"href":"https:\/\/wappaart.com\/es\/wp-json\/wp\/v2\/media?parent=30201"}],"curies":[{"name":"wp","href":"https:\/\/api.w.org\/{rel}","templated":true}]}}