{"id":30085,"date":"2025-01-14T18:12:43","date_gmt":"2025-01-14T17:12:43","guid":{"rendered":"https:\/\/wappaart.com\/es\/?page_id=30085"},"modified":"2025-01-14T23:40:59","modified_gmt":"2025-01-14T22:40:59","slug":"politica-de-envios","status":"publish","type":"page","link":"https:\/\/wappaart.com\/es\/politica-de-envios\/","title":{"rendered":"POL\u00cdTICA DE ENV\u00cdOS"},"content":{"rendered":"\t\t<div data-elementor-type=\"wp-page\" data-elementor-id=\"30085\" class=\"elementor elementor-30085\">\n\t\t\t\t<div class=\"elementor-element elementor-element-05ab9a9 e-con-full e-flex e-con e-parent\" data-id=\"05ab9a9\" data-element_type=\"container\">\n\t\t\t\t<div class=\"elementor-element elementor-element-311974a elementor-widget elementor-widget-spacer\" data-id=\"311974a\" data-element_type=\"widget\" data-widget_type=\"spacer.default\">\n\t\t\t\t<div class=\"elementor-widget-container\">\n\t\t\t\t\t\t\t<div class=\"elementor-spacer\">\n\t\t\t<div class=\"elementor-spacer-inner\"><\/div>\n\t\t<\/div>\n\t\t\t\t\t\t<\/div>\n\t\t\t\t<\/div>\n\t\t\t\t<div class=\"elementor-element elementor-element-1a6bca4 elementor-widget elementor-widget-heading\" data-id=\"1a6bca4\" data-element_type=\"widget\" data-widget_type=\"heading.default\">\n\t\t\t\t<div class=\"elementor-widget-container\">\n\t\t\t\t\t<h2 class=\"elementor-heading-title elementor-size-default\">POL\u00cdTICA DE ENVIOS <\/h2>\t\t\t\t<\/div>\n\t\t\t\t<\/div>\n\t\t\t\t<div class=\"elementor-element elementor-element-8fff40d elementor-widget-mobile__width-initial elementor-widget elementor-widget-text-editor\" data-id=\"8fff40d\" data-element_type=\"widget\" data-widget_type=\"text-editor.default\">\n\t\t\t\t<div class=\"elementor-widget-container\">\n\t\t\t\t\t\t\t\t\t<p>\u00a1Gracias por elegir Wappa Art! Aqu\u00ed te explico la pol\u00edtica de env\u00edos:<span class=\"Apple-converted-space\">\u00a0<\/span><\/p><p>1. <b>Env\u00edos dentro de Espa\u00f1a:<\/b><\/p><p>Todos los env\u00edos f\u00edsicos se realizan dentro de la pen\u00ednsula de Espa\u00f1a a trav\u00e9s de <b>Correos<\/b>.<\/p><p>El tiempo de entrega var\u00eda entre <b>1 a 4 d\u00edas<\/b> laborales, comenzando a contar desde que apruebes el dise\u00f1o final de la ilustraci\u00f3n. Una vez aprobado, te proporcionaremos un <b>n\u00famero de seguimiento<\/b> para que puedas consultar el estado de tu env\u00edo a trav\u00e9s de la p\u00e1gina web de Correos.<\/p><p>2. <b>Env\u00edos gratuitos:<\/b><\/p><p>Los <b>env\u00edos son gratis<\/b> en pedidos superiores a <b>20\u20ac<\/b>. Para compras inferiores a esa cantidad, se aplicar\u00e1 un costo de env\u00edo que se detallar\u00e1 antes de finalizar tu compra.<\/p><p>3. <b>Env\u00edos digitales:<\/b><\/p><p>Si tu pedido es una ilustraci\u00f3n digital, recibir\u00e1s el archivo en <b>formato JPG y PDF de m\u00e1xima calidad<\/b> directamente en tu correo electr\u00f3nico. No hay tiempo de env\u00edo f\u00edsico, pero la entrega digital se realizar\u00e1 en un plazo de hasta <b>7 d\u00edas<\/b> dependiendo de la carga de trabajo y la complejidad de tu pedido.<\/p><p>4. <b>Informaci\u00f3n adicional:<\/b><\/p><p>Si tienes una fecha espec\u00edfica en la que necesitas recibir tu pedido, no dudes en hac\u00e9rmelo saber durante el proceso de compra o contactarme directamente en mi email o WhatsApp . Har\u00e9 todo lo posible por cumplir con tu solicitud seg\u00fan mi disponibilidad.<\/p><p>Si tienes alguna duda o necesitas m\u00e1s detalles, estar\u00e9 encantada de ayudarte.<\/p><p><strong>\u00a1Gracias por confiar en Wappa Art!<\/strong><\/p>\t\t\t\t\t\t\t\t<\/div>\n\t\t\t\t<\/div>\n\t\t\t\t<div class=\"elementor-element elementor-element-6401221 elementor-widget elementor-widget-spacer\" data-id=\"6401221\" data-element_type=\"widget\" data-widget_type=\"spacer.default\">\n\t\t\t\t<div class=\"elementor-widget-container\">\n\t\t\t\t\t\t\t<div class=\"elementor-spacer\">\n\t\t\t<div class=\"elementor-spacer-inner\"><\/div>\n\t\t<\/div>\n\t\t\t\t\t\t<\/div>\n\t\t\t\t<\/div>\n\t\t\t\t<\/div>\n\t\t\t\t<\/div>\n\t\t","protected":false},"excerpt":{"rendered":"<p>POL\u00cdTICA DE ENVIOS \u00a1Gracias por elegir Wappa Art! Aqu\u00ed te explico la pol\u00edtica de env\u00edos:\u00a0 1. Env\u00edos dentro de Espa\u00f1a: Todos los env\u00edos f\u00edsicos se realizan dentro de la pen\u00ednsula de Espa\u00f1a a trav\u00e9s de Correos. El tiempo de entrega var\u00eda entre 1 a 4 d\u00edas laborales, comenzando a contar desde que apruebes el dise\u00f1o [&hellip;]<\/p>\n","protected":false},"author":1,"featured_media":0,"parent":0,"menu_order":0,"comment_status":"closed","ping_status":"closed","template":"","meta":{"_monsterinsights_skip_tracking":false,"_monsterinsights_sitenote_active":false,"_monsterinsights_sitenote_note":"","_monsterinsights_sitenote_category":0,"_uf_show_specific_survey":0,"_uf_disable_surveys":false,"site-sidebar-layout":"no-sidebar","site-content-layout":"page-builder","ast-site-content-layout":"full-width-container","site-content-style":"default","site-sidebar-style":"default","ast-global-header-display":"","ast-banner-title-visibility":"","ast-main-header-display":"","ast-hfb-above-header-display":"","ast-hfb-below-header-display":"","ast-hfb-mobile-header-display":"","site-post-title":"disabled","ast-breadcrumbs-content":"","ast-featured-img":"disabled","footer-sml-layout":"","theme-transparent-header-meta":"","adv-header-id-meta":"","stick-header-meta":"","header-above-stick-meta":"","header-main-stick-meta":"","header-below-stick-meta":"","astra-migrate-meta-layouts":"set","ast-page-background-enabled":"default","ast-page-background-meta":{"desktop":{"background-color":"","background-image":"","background-repeat":"repeat","background-position":"center center","background-size":"auto","background-attachment":"scroll","background-type":"","background-media":"","overlay-type":"","overlay-color":"","overlay-opacity":"","overlay-gradient":""},"tablet":{"background-color":"","background-image":"","background-repeat":"repeat","background-position":"center center","background-size":"auto","background-attachment":"scroll","background-type":"","background-media":"","overlay-type":"","overlay-color":"","overlay-opacity":"","overlay-gradient":""},"mobile":{"background-color":"","background-image":"","background-repeat":"repeat","background-position":"center center","background-size":"auto","background-attachment":"scroll","background-type":"","background-media":"","overlay-type":"","overlay-color":"","overlay-opacity":"","overlay-gradient":""}},"ast-content-background-meta":{"desktop":{"background-color":"var(--ast-global-color-5)","background-image":"","background-repeat":"repeat","background-position":"center center","background-size":"auto","background-attachment":"scroll","background-type":"","background-media":"","overlay-type":"","overlay-color":"","overlay-opacity":"","overlay-gradient":""},"tablet":{"background-color":"var(--ast-global-color-5)","background-image":"","background-repeat":"repeat","background-position":"center center","background-size":"auto","background-attachment":"scroll","background-type":"","background-media":"","overlay-type":"","overlay-color":"","overlay-opacity":"","overlay-gradient":""},"mobile":{"background-color":"var(--ast-global-color-5)","background-image":"","background-repeat":"repeat","background-position":"center center","background-size":"auto","background-attachment":"scroll","background-type":"","background-media":"","overlay-type":"","overlay-color":"","overlay-opacity":"","overlay-gradient":""}},"footnotes":""},"class_list":["post-30085","page","type-page","status-publish","hentry"],"_links":{"self":[{"href":"https:\/\/wappaart.com\/es\/wp-json\/wp\/v2\/pages\/30085","targetHints":{"allow":["GET"]}}],"collection":[{"href":"https:\/\/wappaart.com\/es\/wp-json\/wp\/v2\/pages"}],"about":[{"href":"https:\/\/wappaart.com\/es\/wp-json\/wp\/v2\/types\/page"}],"author":[{"embeddable":true,"href":"https:\/\/wappaart.com\/es\/wp-json\/wp\/v2\/users\/1"}],"replies":[{"embeddable":true,"href":"https:\/\/wappaart.com\/es\/wp-json\/wp\/v2\/comments?post=30085"}],"version-history":[{"count":19,"href":"https:\/\/wappaart.com\/es\/wp-json\/wp\/v2\/pages\/30085\/revisions"}],"predecessor-version":[{"id":30226,"href":"https:\/\/wappaart.com\/es\/wp-json\/wp\/v2\/pages\/30085\/revisions\/30226"}],"wp:attachment":[{"href":"https:\/\/wappaart.com\/es\/wp-json\/wp\/v2\/media?parent=30085"}],"curies":[{"name":"wp","href":"https:\/\/api.w.org\/{rel}","templated":true}]}}