{"id":17725,"date":"2024-10-22T13:54:19","date_gmt":"2024-10-22T11:54:19","guid":{"rendered":"https:\/\/wappaart.com\/es\/?page_id=17725"},"modified":"2025-03-11T14:31:12","modified_gmt":"2025-03-11T13:31:12","slug":"ilustracion-personalizada","status":"publish","type":"page","link":"https:\/\/wappaart.com\/es\/ilustracion-personalizada\/","title":{"rendered":"ILUSTRACI\u00d3N PERSONALIZADA"},"content":{"rendered":"\t\t<div data-elementor-type=\"wp-page\" data-elementor-id=\"17725\" class=\"elementor elementor-17725\">\n\t\t\t\t<div class=\"elementor-element elementor-element-11d07e5 e-flex e-con-boxed e-con e-parent\" data-id=\"11d07e5\" data-element_type=\"container\">\n\t\t\t\t\t<div class=\"e-con-inner\">\n\t\t\t\t<div class=\"elementor-element elementor-element-e8dee41 elementor-widget elementor-widget-spacer\" data-id=\"e8dee41\" data-element_type=\"widget\" data-widget_type=\"spacer.default\">\n\t\t\t\t<div class=\"elementor-widget-container\">\n\t\t\t\t\t\t\t<div class=\"elementor-spacer\">\n\t\t\t<div class=\"elementor-spacer-inner\"><\/div>\n\t\t<\/div>\n\t\t\t\t\t\t<\/div>\n\t\t\t\t<\/div>\n\t\t\t\t\t<\/div>\n\t\t\t\t<\/div>\n\t\t<div class=\"elementor-element elementor-element-53ebe1a e-con-full e-flex e-con e-parent\" data-id=\"53ebe1a\" data-element_type=\"container\">\n\t\t\t\t<div class=\"elementor-element elementor-element-8d45ae5 elementor-widget-mobile__width-auto elementor-widget elementor-widget-heading\" data-id=\"8d45ae5\" data-element_type=\"widget\" data-widget_type=\"heading.default\">\n\t\t\t\t<div class=\"elementor-widget-container\">\n\t\t\t\t\t<h2 class=\"elementor-heading-title elementor-size-default\">ILUSTRACI\u00d3N PERSONALIZADA<\/h2>\t\t\t\t<\/div>\n\t\t\t\t<\/div>\n\t\t\t\t<\/div>\n\t\t<div class=\"elementor-element elementor-element-dcda580 elementor-hidden-tablet elementor-hidden-mobile e-flex e-con-boxed e-con e-parent\" data-id=\"dcda580\" data-element_type=\"container\">\n\t\t\t\t\t<div class=\"e-con-inner\">\n\t\t\t\t<div class=\"elementor-element elementor-element-88bf4df elementor-widget elementor-widget-text-editor\" data-id=\"88bf4df\" data-element_type=\"widget\" data-widget_type=\"text-editor.default\">\n\t\t\t\t<div class=\"elementor-widget-container\">\n\t\t\t\t\t\t\t\t\t<p>Convierte tus momentos especiales en arte \u00fanico, lleno de emoci\u00f3n y significado.<\/p>\t\t\t\t\t\t\t\t<\/div>\n\t\t\t\t<\/div>\n\t\t\t\t\t<\/div>\n\t\t\t\t<\/div>\n\t\t<div class=\"elementor-element elementor-element-33eba0d e-flex e-con-boxed e-con e-parent\" data-id=\"33eba0d\" data-element_type=\"container\">\n\t\t\t\t\t<div class=\"e-con-inner\">\n\t\t\t\t<div class=\"elementor-element elementor-element-2438825 elementor-widget-mobile__width-initial elementor-hidden-desktop elementor-widget elementor-widget-text-editor\" data-id=\"2438825\" data-element_type=\"widget\" data-widget_type=\"text-editor.default\">\n\t\t\t\t<div class=\"elementor-widget-container\">\n\t\t\t\t\t\t\t\t\t<p>Convierte tus momentos especiales en arte \u00fanico, lleno de emoci\u00f3n y significado.<\/p>\t\t\t\t\t\t\t\t<\/div>\n\t\t\t\t<\/div>\n\t\t\t\t\t<\/div>\n\t\t\t\t<\/div>\n\t\t<div class=\"elementor-element elementor-element-c52e473 elementor-hidden-desktop e-flex e-con-boxed e-con e-parent\" data-id=\"c52e473\" data-element_type=\"container\">\n\t\t\t\t\t<div class=\"e-con-inner\">\n\t\t<div class=\"elementor-element elementor-element-cc57672 e-con-full e-flex e-con e-child\" data-id=\"cc57672\" data-element_type=\"container\">\n\t\t\t\t<div class=\"elementor-element elementor-element-fadb43d elementor-widget elementor-widget-image\" data-id=\"fadb43d\" data-element_type=\"widget\" data-widget_type=\"image.default\">\n\t\t\t\t<div class=\"elementor-widget-container\">\n\t\t\t\t\t\t\t\t\t\t\t\t\t\t\t\t<a href=\"https:\/\/wappaart.com\/es\/producto\/ilustracion-estilo-minimalista\/\">\n\t\t\t\t\t\t\t<img fetchpriority=\"high\" decoding=\"async\" width=\"820\" height=\"1024\" src=\"https:\/\/wappaart.com\/es\/wp-content\/uploads\/sites\/2\/2025\/01\/IMG_1051-820x1024.png\" class=\"elementor-animation-shrink attachment-large size-large wp-image-30040\" alt=\"\" srcset=\"https:\/\/wappaart.com\/es\/wp-content\/uploads\/sites\/2\/2025\/01\/IMG_1051-820x1024.png 820w, https:\/\/wappaart.com\/es\/wp-content\/uploads\/sites\/2\/2025\/01\/IMG_1051-240x300.png 240w, https:\/\/wappaart.com\/es\/wp-content\/uploads\/sites\/2\/2025\/01\/IMG_1051-768x959.png 768w, https:\/\/wappaart.com\/es\/wp-content\/uploads\/sites\/2\/2025\/01\/IMG_1051-500x625.png 500w, https:\/\/wappaart.com\/es\/wp-content\/uploads\/sites\/2\/2025\/01\/IMG_1051.png 1080w\" sizes=\"(max-width: 820px) 100vw, 820px\" \/>\t\t\t\t\t\t\t\t<\/a>\n\t\t\t\t\t\t\t\t\t\t\t\t\t\t\t<\/div>\n\t\t\t\t<\/div>\n\t\t\t\t<div class=\"elementor-element elementor-element-2195b9a elementor-widget-mobile__width-initial elementor-widget elementor-widget-heading\" data-id=\"2195b9a\" data-element_type=\"widget\" data-widget_type=\"heading.default\">\n\t\t\t\t<div class=\"elementor-widget-container\">\n\t\t\t\t\t<h2 class=\"elementor-heading-title elementor-size-default\">MINIMALISTA<\/h2>\t\t\t\t<\/div>\n\t\t\t\t<\/div>\n\t\t\t\t<\/div>\n\t\t<div class=\"elementor-element elementor-element-b8e1369 e-con-full e-flex e-con e-child\" data-id=\"b8e1369\" data-element_type=\"container\">\n\t\t\t\t<div class=\"elementor-element elementor-element-c915393 elementor-widget elementor-widget-image\" data-id=\"c915393\" data-element_type=\"widget\" data-widget_type=\"image.default\">\n\t\t\t\t<div class=\"elementor-widget-container\">\n\t\t\t\t\t\t\t\t\t\t\t\t\t\t\t\t<a href=\"https:\/\/wappaart.com\/es\/producto\/ilustracion-estilo-detallado\/\">\n\t\t\t\t\t\t\t<img decoding=\"async\" width=\"819\" height=\"1024\" src=\"https:\/\/wappaart.com\/es\/wp-content\/uploads\/sites\/2\/2025\/01\/J-819x1024.jpg\" class=\"elementor-animation-shrink attachment-large size-large wp-image-30044\" alt=\"\" srcset=\"https:\/\/wappaart.com\/es\/wp-content\/uploads\/sites\/2\/2025\/01\/J-819x1024.jpg 819w, https:\/\/wappaart.com\/es\/wp-content\/uploads\/sites\/2\/2025\/01\/J-240x300.jpg 240w, https:\/\/wappaart.com\/es\/wp-content\/uploads\/sites\/2\/2025\/01\/J-768x960.jpg 768w, https:\/\/wappaart.com\/es\/wp-content\/uploads\/sites\/2\/2025\/01\/J-500x625.jpg 500w, https:\/\/wappaart.com\/es\/wp-content\/uploads\/sites\/2\/2025\/01\/J.jpg 1080w\" sizes=\"(max-width: 819px) 100vw, 819px\" \/>\t\t\t\t\t\t\t\t<\/a>\n\t\t\t\t\t\t\t\t\t\t\t\t\t\t\t<\/div>\n\t\t\t\t<\/div>\n\t\t\t\t<div class=\"elementor-element elementor-element-ceb8737 elementor-widget-mobile__width-initial elementor-widget elementor-widget-heading\" data-id=\"ceb8737\" data-element_type=\"widget\" data-widget_type=\"heading.default\">\n\t\t\t\t<div class=\"elementor-widget-container\">\n\t\t\t\t\t<h2 class=\"elementor-heading-title elementor-size-default\">DETALLADA<\/h2>\t\t\t\t<\/div>\n\t\t\t\t<\/div>\n\t\t\t\t<\/div>\n\t\t<div class=\"elementor-element elementor-element-8dedbd2 e-con-full e-flex e-con e-child\" data-id=\"8dedbd2\" data-element_type=\"container\">\n\t\t\t\t<div class=\"elementor-element elementor-element-ad4570b elementor-widget elementor-widget-image\" data-id=\"ad4570b\" data-element_type=\"widget\" data-widget_type=\"image.default\">\n\t\t\t\t<div class=\"elementor-widget-container\">\n\t\t\t\t\t\t\t\t\t\t\t\t\t\t\t\t<a href=\"https:\/\/wappaart.com\/es\/producto\/retrato-mascota\/\">\n\t\t\t\t\t\t\t<img decoding=\"async\" width=\"819\" height=\"1024\" src=\"https:\/\/wappaart.com\/es\/wp-content\/uploads\/sites\/2\/2025\/01\/IMG_1035-819x1024.jpg\" class=\"elementor-animation-shrink attachment-large size-large wp-image-30069\" alt=\"\" srcset=\"https:\/\/wappaart.com\/es\/wp-content\/uploads\/sites\/2\/2025\/01\/IMG_1035-819x1024.jpg 819w, https:\/\/wappaart.com\/es\/wp-content\/uploads\/sites\/2\/2025\/01\/IMG_1035-240x300.jpg 240w, https:\/\/wappaart.com\/es\/wp-content\/uploads\/sites\/2\/2025\/01\/IMG_1035-768x960.jpg 768w, https:\/\/wappaart.com\/es\/wp-content\/uploads\/sites\/2\/2025\/01\/IMG_1035-500x625.jpg 500w, https:\/\/wappaart.com\/es\/wp-content\/uploads\/sites\/2\/2025\/01\/IMG_1035.jpg 1080w\" sizes=\"(max-width: 819px) 100vw, 819px\" \/>\t\t\t\t\t\t\t\t<\/a>\n\t\t\t\t\t\t\t\t\t\t\t\t\t\t\t<\/div>\n\t\t\t\t<\/div>\n\t\t\t\t<div class=\"elementor-element elementor-element-564995c elementor-widget-mobile__width-initial elementor-widget elementor-widget-heading\" data-id=\"564995c\" data-element_type=\"widget\" data-widget_type=\"heading.default\">\n\t\t\t\t<div class=\"elementor-widget-container\">\n\t\t\t\t\t<h2 class=\"elementor-heading-title elementor-size-default\">MASCOTA<\/h2>\t\t\t\t<\/div>\n\t\t\t\t<\/div>\n\t\t\t\t<\/div>\n\t\t<div class=\"elementor-element elementor-element-d3d3d3b e-con-full e-flex e-con e-child\" data-id=\"d3d3d3b\" data-element_type=\"container\">\n\t\t\t\t<div class=\"elementor-element elementor-element-aee9c6a elementor-widget elementor-widget-image\" data-id=\"aee9c6a\" data-element_type=\"widget\" data-widget_type=\"image.default\">\n\t\t\t\t<div class=\"elementor-widget-container\">\n\t\t\t\t\t\t\t\t\t\t\t\t\t\t\t\t<a href=\"https:\/\/wappaart.com\/es\/producto\/infografia\/\">\n\t\t\t\t\t\t\t<img loading=\"lazy\" decoding=\"async\" width=\"819\" height=\"1024\" src=\"https:\/\/wappaart.com\/es\/wp-content\/uploads\/sites\/2\/2025\/01\/21_12-819x1024.png\" class=\"elementor-animation-shrink attachment-large size-large wp-image-30039\" alt=\"\" srcset=\"https:\/\/wappaart.com\/es\/wp-content\/uploads\/sites\/2\/2025\/01\/21_12-819x1024.png 819w, https:\/\/wappaart.com\/es\/wp-content\/uploads\/sites\/2\/2025\/01\/21_12-240x300.png 240w, https:\/\/wappaart.com\/es\/wp-content\/uploads\/sites\/2\/2025\/01\/21_12-768x960.png 768w, https:\/\/wappaart.com\/es\/wp-content\/uploads\/sites\/2\/2025\/01\/21_12-500x625.png 500w, https:\/\/wappaart.com\/es\/wp-content\/uploads\/sites\/2\/2025\/01\/21_12.png 1080w\" sizes=\"(max-width: 819px) 100vw, 819px\" \/>\t\t\t\t\t\t\t\t<\/a>\n\t\t\t\t\t\t\t\t\t\t\t\t\t\t\t<\/div>\n\t\t\t\t<\/div>\n\t\t\t\t<div class=\"elementor-element elementor-element-74d13f4 elementor-widget-mobile__width-initial elementor-widget elementor-widget-heading\" data-id=\"74d13f4\" data-element_type=\"widget\" data-widget_type=\"heading.default\">\n\t\t\t\t<div class=\"elementor-widget-container\">\n\t\t\t\t\t<h2 class=\"elementor-heading-title elementor-size-default\">INFOGRAF\u00cdA<\/h2>\t\t\t\t<\/div>\n\t\t\t\t<\/div>\n\t\t\t\t<\/div>\n\t\t\t\t\t<\/div>\n\t\t\t\t<\/div>\n\t\t<div class=\"elementor-element elementor-element-3e8f140 elementor-hidden-desktop e-flex e-con-boxed e-con e-parent\" data-id=\"3e8f140\" data-element_type=\"container\">\n\t\t\t\t\t<div class=\"e-con-inner\">\n\t\t\t\t<div class=\"elementor-element elementor-element-e013a82 elementor-widget elementor-widget-spacer\" data-id=\"e013a82\" data-element_type=\"widget\" data-widget_type=\"spacer.default\">\n\t\t\t\t<div class=\"elementor-widget-container\">\n\t\t\t\t\t\t\t<div class=\"elementor-spacer\">\n\t\t\t<div class=\"elementor-spacer-inner\"><\/div>\n\t\t<\/div>\n\t\t\t\t\t\t<\/div>\n\t\t\t\t<\/div>\n\t\t\t\t\t<\/div>\n\t\t\t\t<\/div>\n\t\t<div class=\"elementor-element elementor-element-4131934 elementor-hidden-tablet elementor-hidden-mobile e-flex e-con-boxed e-con e-parent\" data-id=\"4131934\" data-element_type=\"container\">\n\t\t\t\t\t<div class=\"e-con-inner\">\n\t\t<div class=\"elementor-element elementor-element-8444341 e-con-full e-flex e-con e-child\" data-id=\"8444341\" data-element_type=\"container\">\n\t\t\t\t<div class=\"elementor-element elementor-element-1df3c16 elementor-widget elementor-widget-image\" data-id=\"1df3c16\" data-element_type=\"widget\" data-widget_type=\"image.default\">\n\t\t\t\t<div class=\"elementor-widget-container\">\n\t\t\t\t\t\t\t\t\t\t\t\t\t\t\t\t<a href=\"https:\/\/wappaart.com\/es\/producto\/ilustracion-estilo-minimalista\/\">\n\t\t\t\t\t\t\t<img loading=\"lazy\" decoding=\"async\" width=\"768\" height=\"959\" src=\"https:\/\/wappaart.com\/es\/wp-content\/uploads\/sites\/2\/2025\/01\/IMG_1051-768x959.png\" class=\"elementor-animation-shrink attachment-medium_large size-medium_large wp-image-30040\" alt=\"\" srcset=\"https:\/\/wappaart.com\/es\/wp-content\/uploads\/sites\/2\/2025\/01\/IMG_1051-768x959.png 768w, https:\/\/wappaart.com\/es\/wp-content\/uploads\/sites\/2\/2025\/01\/IMG_1051-240x300.png 240w, https:\/\/wappaart.com\/es\/wp-content\/uploads\/sites\/2\/2025\/01\/IMG_1051-820x1024.png 820w, https:\/\/wappaart.com\/es\/wp-content\/uploads\/sites\/2\/2025\/01\/IMG_1051-500x625.png 500w, https:\/\/wappaart.com\/es\/wp-content\/uploads\/sites\/2\/2025\/01\/IMG_1051.png 1080w\" sizes=\"(max-width: 768px) 100vw, 768px\" \/>\t\t\t\t\t\t\t\t<\/a>\n\t\t\t\t\t\t\t\t\t\t\t\t\t\t\t<\/div>\n\t\t\t\t<\/div>\n\t\t\t\t<div class=\"elementor-element elementor-element-15ac1e0 elementor-widget-mobile__width-initial elementor-widget elementor-widget-heading\" data-id=\"15ac1e0\" data-element_type=\"widget\" data-widget_type=\"heading.default\">\n\t\t\t\t<div class=\"elementor-widget-container\">\n\t\t\t\t\t<h2 class=\"elementor-heading-title elementor-size-default\">MINIMALISTA<\/h2>\t\t\t\t<\/div>\n\t\t\t\t<\/div>\n\t\t\t\t<\/div>\n\t\t<div class=\"elementor-element elementor-element-f1e5098 e-con-full e-flex e-con e-child\" data-id=\"f1e5098\" data-element_type=\"container\">\n\t\t\t\t<div class=\"elementor-element elementor-element-1c3c484 elementor-widget elementor-widget-image\" data-id=\"1c3c484\" data-element_type=\"widget\" data-widget_type=\"image.default\">\n\t\t\t\t<div class=\"elementor-widget-container\">\n\t\t\t\t\t\t\t\t\t\t\t\t\t\t\t\t<a href=\"https:\/\/wappaart.com\/es\/producto\/ilustracion-estilo-detallado\/\">\n\t\t\t\t\t\t\t<img decoding=\"async\" width=\"819\" height=\"1024\" src=\"https:\/\/wappaart.com\/es\/wp-content\/uploads\/sites\/2\/2025\/01\/J-819x1024.jpg\" class=\"elementor-animation-shrink attachment-large size-large wp-image-30044\" alt=\"\" srcset=\"https:\/\/wappaart.com\/es\/wp-content\/uploads\/sites\/2\/2025\/01\/J-819x1024.jpg 819w, https:\/\/wappaart.com\/es\/wp-content\/uploads\/sites\/2\/2025\/01\/J-240x300.jpg 240w, https:\/\/wappaart.com\/es\/wp-content\/uploads\/sites\/2\/2025\/01\/J-768x960.jpg 768w, https:\/\/wappaart.com\/es\/wp-content\/uploads\/sites\/2\/2025\/01\/J-500x625.jpg 500w, https:\/\/wappaart.com\/es\/wp-content\/uploads\/sites\/2\/2025\/01\/J.jpg 1080w\" sizes=\"(max-width: 819px) 100vw, 819px\" \/>\t\t\t\t\t\t\t\t<\/a>\n\t\t\t\t\t\t\t\t\t\t\t\t\t\t\t<\/div>\n\t\t\t\t<\/div>\n\t\t\t\t<div class=\"elementor-element elementor-element-6624bc6 elementor-widget-mobile__width-initial elementor-widget elementor-widget-heading\" data-id=\"6624bc6\" data-element_type=\"widget\" data-widget_type=\"heading.default\">\n\t\t\t\t<div class=\"elementor-widget-container\">\n\t\t\t\t\t<h2 class=\"elementor-heading-title elementor-size-default\">DETALLADA<\/h2>\t\t\t\t<\/div>\n\t\t\t\t<\/div>\n\t\t\t\t<\/div>\n\t\t<div class=\"elementor-element elementor-element-89b18a5 e-con-full e-flex e-con e-child\" data-id=\"89b18a5\" data-element_type=\"container\">\n\t\t\t\t<div class=\"elementor-element elementor-element-80ece99 elementor-widget elementor-widget-image\" data-id=\"80ece99\" data-element_type=\"widget\" data-widget_type=\"image.default\">\n\t\t\t\t<div class=\"elementor-widget-container\">\n\t\t\t\t\t\t\t\t\t\t\t\t\t\t\t\t<a href=\"https:\/\/wappaart.com\/es\/producto\/retrato-mascota\/\">\n\t\t\t\t\t\t\t<img decoding=\"async\" width=\"819\" height=\"1024\" src=\"https:\/\/wappaart.com\/es\/wp-content\/uploads\/sites\/2\/2025\/01\/IMG_1035-819x1024.jpg\" class=\"elementor-animation-shrink attachment-large size-large wp-image-30069\" alt=\"\" srcset=\"https:\/\/wappaart.com\/es\/wp-content\/uploads\/sites\/2\/2025\/01\/IMG_1035-819x1024.jpg 819w, https:\/\/wappaart.com\/es\/wp-content\/uploads\/sites\/2\/2025\/01\/IMG_1035-240x300.jpg 240w, https:\/\/wappaart.com\/es\/wp-content\/uploads\/sites\/2\/2025\/01\/IMG_1035-768x960.jpg 768w, https:\/\/wappaart.com\/es\/wp-content\/uploads\/sites\/2\/2025\/01\/IMG_1035-500x625.jpg 500w, https:\/\/wappaart.com\/es\/wp-content\/uploads\/sites\/2\/2025\/01\/IMG_1035.jpg 1080w\" sizes=\"(max-width: 819px) 100vw, 819px\" \/>\t\t\t\t\t\t\t\t<\/a>\n\t\t\t\t\t\t\t\t\t\t\t\t\t\t\t<\/div>\n\t\t\t\t<\/div>\n\t\t\t\t<div class=\"elementor-element elementor-element-64024f7 elementor-widget-mobile__width-initial elementor-widget elementor-widget-heading\" data-id=\"64024f7\" data-element_type=\"widget\" data-widget_type=\"heading.default\">\n\t\t\t\t<div class=\"elementor-widget-container\">\n\t\t\t\t\t<h2 class=\"elementor-heading-title elementor-size-default\">MASCOTA<\/h2>\t\t\t\t<\/div>\n\t\t\t\t<\/div>\n\t\t\t\t<\/div>\n\t\t<div class=\"elementor-element elementor-element-3c7adb9 e-con-full e-flex e-con e-child\" data-id=\"3c7adb9\" data-element_type=\"container\">\n\t\t\t\t<div class=\"elementor-element elementor-element-933b24c elementor-widget elementor-widget-image\" data-id=\"933b24c\" data-element_type=\"widget\" data-widget_type=\"image.default\">\n\t\t\t\t<div class=\"elementor-widget-container\">\n\t\t\t\t\t\t\t\t\t\t\t\t\t\t\t\t<a href=\"https:\/\/wappaart.com\/es\/producto\/infografia\/\">\n\t\t\t\t\t\t\t<img loading=\"lazy\" decoding=\"async\" width=\"819\" height=\"1024\" src=\"https:\/\/wappaart.com\/es\/wp-content\/uploads\/sites\/2\/2025\/01\/21_12-819x1024.png\" class=\"elementor-animation-shrink attachment-large size-large wp-image-30039\" alt=\"\" srcset=\"https:\/\/wappaart.com\/es\/wp-content\/uploads\/sites\/2\/2025\/01\/21_12-819x1024.png 819w, https:\/\/wappaart.com\/es\/wp-content\/uploads\/sites\/2\/2025\/01\/21_12-240x300.png 240w, https:\/\/wappaart.com\/es\/wp-content\/uploads\/sites\/2\/2025\/01\/21_12-768x960.png 768w, https:\/\/wappaart.com\/es\/wp-content\/uploads\/sites\/2\/2025\/01\/21_12-500x625.png 500w, https:\/\/wappaart.com\/es\/wp-content\/uploads\/sites\/2\/2025\/01\/21_12.png 1080w\" sizes=\"(max-width: 819px) 100vw, 819px\" \/>\t\t\t\t\t\t\t\t<\/a>\n\t\t\t\t\t\t\t\t\t\t\t\t\t\t\t<\/div>\n\t\t\t\t<\/div>\n\t\t\t\t<div class=\"elementor-element elementor-element-cce6173 elementor-widget-mobile__width-initial elementor-widget elementor-widget-heading\" data-id=\"cce6173\" data-element_type=\"widget\" data-widget_type=\"heading.default\">\n\t\t\t\t<div class=\"elementor-widget-container\">\n\t\t\t\t\t<h2 class=\"elementor-heading-title elementor-size-default\">INFOGRAF\u00cdA<\/h2>\t\t\t\t<\/div>\n\t\t\t\t<\/div>\n\t\t\t\t<\/div>\n\t\t\t\t\t<\/div>\n\t\t\t\t<\/div>\n\t\t<div class=\"elementor-element elementor-element-f33a694 e-flex e-con-boxed e-con e-parent\" data-id=\"f33a694\" data-element_type=\"container\">\n\t\t\t\t\t<div class=\"e-con-inner\">\n\t\t\t\t<div class=\"elementor-element elementor-element-acd3662 elementor-hidden-tablet elementor-hidden-mobile elementor-widget elementor-widget-spacer\" data-id=\"acd3662\" data-element_type=\"widget\" data-widget_type=\"spacer.default\">\n\t\t\t\t<div class=\"elementor-widget-container\">\n\t\t\t\t\t\t\t<div class=\"elementor-spacer\">\n\t\t\t<div class=\"elementor-spacer-inner\"><\/div>\n\t\t<\/div>\n\t\t\t\t\t\t<\/div>\n\t\t\t\t<\/div>\n\t\t\t\t\t<\/div>\n\t\t\t\t<\/div>\n\t\t<div class=\"elementor-element elementor-element-d58b09b elementor-hidden-tablet elementor-hidden-mobile e-flex e-con-boxed e-con e-parent\" data-id=\"d58b09b\" data-element_type=\"container\">\n\t\t\t\t\t<div class=\"e-con-inner\">\n\t\t\t\t<div class=\"elementor-element elementor-element-3eee298 elementor-hidden-desktop elementor-widget elementor-widget-spacer\" data-id=\"3eee298\" data-element_type=\"widget\" data-widget_type=\"spacer.default\">\n\t\t\t\t<div class=\"elementor-widget-container\">\n\t\t\t\t\t\t\t<div class=\"elementor-spacer\">\n\t\t\t<div class=\"elementor-spacer-inner\"><\/div>\n\t\t<\/div>\n\t\t\t\t\t\t<\/div>\n\t\t\t\t<\/div>\n\t\t\t\t\t<\/div>\n\t\t\t\t<\/div>\n\t\t\t\t<\/div>\n\t\t","protected":false},"excerpt":{"rendered":"<p>ILUSTRACI\u00d3N PERSONALIZADA Convierte tus momentos especiales en arte \u00fanico, lleno de emoci\u00f3n y significado. Convierte tus momentos especiales en arte \u00fanico, lleno de emoci\u00f3n y significado. MINIMALISTA DETALLADA MASCOTA INFOGRAF\u00cdA MINIMALISTA DETALLADA MASCOTA INFOGRAF\u00cdA<\/p>\n","protected":false},"author":1,"featured_media":0,"parent":0,"menu_order":0,"comment_status":"closed","ping_status":"closed","template":"","meta":{"_monsterinsights_skip_tracking":false,"_monsterinsights_sitenote_active":false,"_monsterinsights_sitenote_note":"","_monsterinsights_sitenote_category":0,"_uf_show_specific_survey":0,"_uf_disable_surveys":false,"site-sidebar-layout":"no-sidebar","site-content-layout":"page-builder","ast-site-content-layout":"full-width-container","site-content-style":"default","site-sidebar-style":"default","ast-global-header-display":"","ast-banner-title-visibility":"","ast-main-header-display":"","ast-hfb-above-header-display":"","ast-hfb-below-header-display":"","ast-hfb-mobile-header-display":"","site-post-title":"disabled","ast-breadcrumbs-content":"","ast-featured-img":"disabled","footer-sml-layout":"","theme-transparent-header-meta":"","adv-header-id-meta":"","stick-header-meta":"","header-above-stick-meta":"","header-main-stick-meta":"","header-below-stick-meta":"","astra-migrate-meta-layouts":"set","ast-page-background-enabled":"default","ast-page-background-meta":{"desktop":{"background-color":"","background-image":"","background-repeat":"repeat","background-position":"center center","background-size":"auto","background-attachment":"scroll","background-type":"","background-media":"","overlay-type":"","overlay-color":"","overlay-opacity":"","overlay-gradient":""},"tablet":{"background-color":"","background-image":"","background-repeat":"repeat","background-position":"center center","background-size":"auto","background-attachment":"scroll","background-type":"","background-media":"","overlay-type":"","overlay-color":"","overlay-opacity":"","overlay-gradient":""},"mobile":{"background-color":"","background-image":"","background-repeat":"repeat","background-position":"center center","background-size":"auto","background-attachment":"scroll","background-type":"","background-media":"","overlay-type":"","overlay-color":"","overlay-opacity":"","overlay-gradient":""}},"ast-content-background-meta":{"desktop":{"background-color":"var(--ast-global-color-5)","background-image":"","background-repeat":"repeat","background-position":"center center","background-size":"auto","background-attachment":"scroll","background-type":"","background-media":"","overlay-type":"","overlay-color":"","overlay-opacity":"","overlay-gradient":""},"tablet":{"background-color":"var(--ast-global-color-5)","background-image":"","background-repeat":"repeat","background-position":"center center","background-size":"auto","background-attachment":"scroll","background-type":"","background-media":"","overlay-type":"","overlay-color":"","overlay-opacity":"","overlay-gradient":""},"mobile":{"background-color":"var(--ast-global-color-5)","background-image":"","background-repeat":"repeat","background-position":"center center","background-size":"auto","background-attachment":"scroll","background-type":"","background-media":"","overlay-type":"","overlay-color":"","overlay-opacity":"","overlay-gradient":""}},"footnotes":""},"class_list":["post-17725","page","type-page","status-publish","hentry"],"_links":{"self":[{"href":"https:\/\/wappaart.com\/es\/wp-json\/wp\/v2\/pages\/17725","targetHints":{"allow":["GET"]}}],"collection":[{"href":"https:\/\/wappaart.com\/es\/wp-json\/wp\/v2\/pages"}],"about":[{"href":"https:\/\/wappaart.com\/es\/wp-json\/wp\/v2\/types\/page"}],"author":[{"embeddable":true,"href":"https:\/\/wappaart.com\/es\/wp-json\/wp\/v2\/users\/1"}],"replies":[{"embeddable":true,"href":"https:\/\/wappaart.com\/es\/wp-json\/wp\/v2\/comments?post=17725"}],"version-history":[{"count":137,"href":"https:\/\/wappaart.com\/es\/wp-json\/wp\/v2\/pages\/17725\/revisions"}],"predecessor-version":[{"id":31070,"href":"https:\/\/wappaart.com\/es\/wp-json\/wp\/v2\/pages\/17725\/revisions\/31070"}],"wp:attachment":[{"href":"https:\/\/wappaart.com\/es\/wp-json\/wp\/v2\/media?parent=17725"}],"curies":[{"name":"wp","href":"https:\/\/api.w.org\/{rel}","templated":true}]}}